{"id":2386,"date":"2018-04-10T00:00:00","date_gmt":"2018-04-09T22:00:00","guid":{"rendered":"http:\/\/www.distillerieduffez.fr\/product\/essential-oil-juniper-organic"},"modified":"2020-12-16T19:11:13","modified_gmt":"2020-12-16T18:11:13","slug":"essential-oil-juniper-organic","status":"publish","type":"product","link":"https:\/\/www.distillerieduffez.fr\/en\/produit\/essential-oil-juniper-organic","title":{"rendered":"Essential Oil Juniper Organic"},"content":{"rendered":"<p class=\"p1\"><span class=\"s1\">A meticulous and passionate harvest is at the origin of our distillation of these branches loaded in juniper berries. <\/span><\/p>\n<p class=\"p1\"><span class=\"s1\">These put three years maturing, and change color to pass of the light green to the black.<\/span><\/p>\n<p class=\"p1\"><span class=\"s1\">Fruity and woody, this clear essential oil gives reflections having a wonderfull chocolate color.<\/span><\/p>\n","protected":false},"excerpt":{"rendered":"<p>Fruit\u00e9e et bois\u00e9e, cette huile essentielle claire offre des reflets chocolats. Ce produit est une mati\u00e8re premi\u00e8re aromatique 100% pure et naturelle.<\/p>\n<p class=\"p1\"><span class=\"s1\">Produit issu de l&#8217;agriculture biologique certifi\u00e9 par ECOCERT FR BIO 01.<\/span><\/p>\n","protected":false},"featured_media":932,"comment_status":"closed","ping_status":"closed","template":"","meta":{"_acf_changed":false,"_monsterinsights_skip_tracking":false,"_monsterinsights_sitenote_active":false,"_monsterinsights_sitenote_note":"","_monsterinsights_sitenote_category":0},"product_brand":[],"product_cat":[399],"product_tag":[376],"class_list":{"0":"post-2386","1":"product","2":"type-product","3":"status-publish","4":"has-post-thumbnail","6":"product_cat-organic-essential-oils","7":"product_tag-juniper-en","9":"first","10":"instock","11":"taxable","12":"shipping-taxable","13":"purchasable","14":"product-type-variable"},"acf":[],"aioseo_notices":[],"yoast_head":"<!-- This site is optimized with the Yoast SEO plugin v27.1.1 - https:\/\/yoast.com\/product\/yoast-seo-wordpress\/ -->\n<title>Essential Oil Juniper Organic - Distillerie Duffez<\/title>\n<meta name=\"robots\" content=\"index, follow, max-snippet:-1, max-image-preview:large, max-video-preview:-1\" \/>\n<link rel=\"canonical\" href=\"http:\/\/www.distillerieduffez.fr\/en\/produit\/essential-oil-juniper-organic\" \/>\n<meta property=\"og:locale\" content=\"en_US\" \/>\n<meta property=\"og:type\" content=\"article\" \/>\n<meta property=\"og:title\" content=\"Essential Oil Juniper Organic - Distillerie Duffez\" \/>\n<meta property=\"og:description\" content=\"Fruit\u00e9e et bois\u00e9e, cette huile essentielle claire offre des reflets chocolats. Ce produit est une mati\u00e8re premi\u00e8re aromatique 100% pure et naturelle. Produit issu de l&#039;agriculture biologique certifi\u00e9 par ECOCERT FR BIO 01.\" \/>\n<meta property=\"og:url\" content=\"http:\/\/www.distillerieduffez.fr\/en\/produit\/essential-oil-juniper-organic\" \/>\n<meta property=\"og:site_name\" content=\"Distillerie Duffez\" \/>\n<meta property=\"article:modified_time\" content=\"2020-12-16T18:11:13+00:00\" \/>\n<meta property=\"og:image\" content=\"http:\/\/www.distillerieduffez.fr\/wp-content\/uploads\/ann-5385.jpg\" \/>\n\t<meta property=\"og:image:width\" content=\"2953\" \/>\n\t<meta property=\"og:image:height\" content=\"3076\" \/>\n\t<meta property=\"og:image:type\" content=\"image\/jpeg\" \/>\n<meta name=\"twitter:card\" content=\"summary_large_image\" \/>\n<script type=\"application\/ld+json\" class=\"yoast-schema-graph\">{\"@context\":\"https:\/\/schema.org\",\"@graph\":[{\"@type\":\"WebPage\",\"@id\":\"http:\/\/www.distillerieduffez.fr\/en\/produit\/essential-oil-juniper-organic\",\"url\":\"http:\/\/www.distillerieduffez.fr\/en\/produit\/essential-oil-juniper-organic\",\"name\":\"Essential Oil Juniper Organic - Distillerie Duffez\",\"isPartOf\":{\"@id\":\"http:\/\/www.distillerieduffez.fr\/de\/#website\"},\"primaryImageOfPage\":{\"@id\":\"http:\/\/www.distillerieduffez.fr\/en\/produit\/essential-oil-juniper-organic#primaryimage\"},\"image\":{\"@id\":\"http:\/\/www.distillerieduffez.fr\/en\/produit\/essential-oil-juniper-organic#primaryimage\"},\"thumbnailUrl\":\"https:\/\/www.distillerieduffez.fr\/wp-content\/uploads\/ann-5385.jpg\",\"datePublished\":\"2018-04-09T22:00:00+00:00\",\"dateModified\":\"2020-12-16T18:11:13+00:00\",\"breadcrumb\":{\"@id\":\"http:\/\/www.distillerieduffez.fr\/en\/produit\/essential-oil-juniper-organic#breadcrumb\"},\"inLanguage\":\"en-US\",\"potentialAction\":[{\"@type\":\"ReadAction\",\"target\":[\"http:\/\/www.distillerieduffez.fr\/en\/produit\/essential-oil-juniper-organic\"]}]},{\"@type\":\"ImageObject\",\"inLanguage\":\"en-US\",\"@id\":\"http:\/\/www.distillerieduffez.fr\/en\/produit\/essential-oil-juniper-organic#primaryimage\",\"url\":\"https:\/\/www.distillerieduffez.fr\/wp-content\/uploads\/ann-5385.jpg\",\"contentUrl\":\"https:\/\/www.distillerieduffez.fr\/wp-content\/uploads\/ann-5385.jpg\",\"width\":2953,\"height\":3076,\"caption\":\"Gen\u00e9vrier biologique\"},{\"@type\":\"BreadcrumbList\",\"@id\":\"http:\/\/www.distillerieduffez.fr\/en\/produit\/essential-oil-juniper-organic#breadcrumb\",\"itemListElement\":[{\"@type\":\"ListItem\",\"position\":1,\"name\":\"Home\",\"item\":\"https:\/\/www.distillerieduffez.fr\/en\"},{\"@type\":\"ListItem\",\"position\":2,\"name\":\"Shop\",\"item\":\"https:\/\/www.distillerieduffez.fr\/de\/geschaeft\"},{\"@type\":\"ListItem\",\"position\":3,\"name\":\"Essential Oil Juniper Organic\"}]},{\"@type\":\"WebSite\",\"@id\":\"http:\/\/www.distillerieduffez.fr\/de\/#website\",\"url\":\"http:\/\/www.distillerieduffez.fr\/de\/\",\"name\":\"Distillerie Duffez\",\"description\":\"Boutique en ligne d&#039;huiles essentielles biologiques et conventionnelles : lavande, lavandin, cade, h\u00e9lichryse, Cypr\u00e8s Provence, menthe, sauge...\",\"publisher\":{\"@id\":\"http:\/\/www.distillerieduffez.fr\/de\/#organization\"},\"potentialAction\":[{\"@type\":\"SearchAction\",\"target\":{\"@type\":\"EntryPoint\",\"urlTemplate\":\"http:\/\/www.distillerieduffez.fr\/de\/?s={search_term_string}\"},\"query-input\":{\"@type\":\"PropertyValueSpecification\",\"valueRequired\":true,\"valueName\":\"search_term_string\"}}],\"inLanguage\":\"en-US\"},{\"@type\":\"Organization\",\"@id\":\"http:\/\/www.distillerieduffez.fr\/de\/#organization\",\"name\":\"Distillerie Duffez\",\"url\":\"http:\/\/www.distillerieduffez.fr\/de\/\",\"logo\":{\"@type\":\"ImageObject\",\"inLanguage\":\"en-US\",\"@id\":\"http:\/\/www.distillerieduffez.fr\/de\/#\/schema\/logo\/image\/\",\"url\":\"https:\/\/www.distillerieduffez.fr\/wp-content\/uploads\/logo-duffez.jpg\",\"contentUrl\":\"https:\/\/www.distillerieduffez.fr\/wp-content\/uploads\/logo-duffez.jpg\",\"width\":746,\"height\":150,\"caption\":\"Distillerie Duffez\"},\"image\":{\"@id\":\"http:\/\/www.distillerieduffez.fr\/de\/#\/schema\/logo\/image\/\"}}]}<\/script>\n<!-- \/ Yoast SEO plugin. -->","yoast_head_json":{"title":"Essential Oil Juniper Organic - Distillerie Duffez","robots":{"index":"index","follow":"follow","max-snippet":"max-snippet:-1","max-image-preview":"max-image-preview:large","max-video-preview":"max-video-preview:-1"},"canonical":"http:\/\/www.distillerieduffez.fr\/en\/produit\/essential-oil-juniper-organic","og_locale":"en_US","og_type":"article","og_title":"Essential Oil Juniper Organic - Distillerie Duffez","og_description":"Fruit\u00e9e et bois\u00e9e, cette huile essentielle claire offre des reflets chocolats. Ce produit est une mati\u00e8re premi\u00e8re aromatique 100% pure et naturelle. Produit issu de l'agriculture biologique certifi\u00e9 par ECOCERT FR BIO 01.","og_url":"http:\/\/www.distillerieduffez.fr\/en\/produit\/essential-oil-juniper-organic","og_site_name":"Distillerie Duffez","article_modified_time":"2020-12-16T18:11:13+00:00","og_image":[{"width":2953,"height":3076,"url":"http:\/\/www.distillerieduffez.fr\/wp-content\/uploads\/ann-5385.jpg","type":"image\/jpeg"}],"twitter_card":"summary_large_image","schema":{"@context":"https:\/\/schema.org","@graph":[{"@type":"WebPage","@id":"http:\/\/www.distillerieduffez.fr\/en\/produit\/essential-oil-juniper-organic","url":"http:\/\/www.distillerieduffez.fr\/en\/produit\/essential-oil-juniper-organic","name":"Essential Oil Juniper Organic - Distillerie Duffez","isPartOf":{"@id":"http:\/\/www.distillerieduffez.fr\/de\/#website"},"primaryImageOfPage":{"@id":"http:\/\/www.distillerieduffez.fr\/en\/produit\/essential-oil-juniper-organic#primaryimage"},"image":{"@id":"http:\/\/www.distillerieduffez.fr\/en\/produit\/essential-oil-juniper-organic#primaryimage"},"thumbnailUrl":"https:\/\/www.distillerieduffez.fr\/wp-content\/uploads\/ann-5385.jpg","datePublished":"2018-04-09T22:00:00+00:00","dateModified":"2020-12-16T18:11:13+00:00","breadcrumb":{"@id":"http:\/\/www.distillerieduffez.fr\/en\/produit\/essential-oil-juniper-organic#breadcrumb"},"inLanguage":"en-US","potentialAction":[{"@type":"ReadAction","target":["http:\/\/www.distillerieduffez.fr\/en\/produit\/essential-oil-juniper-organic"]}]},{"@type":"ImageObject","inLanguage":"en-US","@id":"http:\/\/www.distillerieduffez.fr\/en\/produit\/essential-oil-juniper-organic#primaryimage","url":"https:\/\/www.distillerieduffez.fr\/wp-content\/uploads\/ann-5385.jpg","contentUrl":"https:\/\/www.distillerieduffez.fr\/wp-content\/uploads\/ann-5385.jpg","width":2953,"height":3076,"caption":"Gen\u00e9vrier biologique"},{"@type":"BreadcrumbList","@id":"http:\/\/www.distillerieduffez.fr\/en\/produit\/essential-oil-juniper-organic#breadcrumb","itemListElement":[{"@type":"ListItem","position":1,"name":"Home","item":"https:\/\/www.distillerieduffez.fr\/en"},{"@type":"ListItem","position":2,"name":"Shop","item":"https:\/\/www.distillerieduffez.fr\/de\/geschaeft"},{"@type":"ListItem","position":3,"name":"Essential Oil Juniper Organic"}]},{"@type":"WebSite","@id":"http:\/\/www.distillerieduffez.fr\/de\/#website","url":"http:\/\/www.distillerieduffez.fr\/de\/","name":"Distillerie Duffez","description":"Boutique en ligne d&#039;huiles essentielles biologiques et conventionnelles : lavande, lavandin, cade, h\u00e9lichryse, Cypr\u00e8s Provence, menthe, sauge...","publisher":{"@id":"http:\/\/www.distillerieduffez.fr\/de\/#organization"},"potentialAction":[{"@type":"SearchAction","target":{"@type":"EntryPoint","urlTemplate":"http:\/\/www.distillerieduffez.fr\/de\/?s={search_term_string}"},"query-input":{"@type":"PropertyValueSpecification","valueRequired":true,"valueName":"search_term_string"}}],"inLanguage":"en-US"},{"@type":"Organization","@id":"http:\/\/www.distillerieduffez.fr\/de\/#organization","name":"Distillerie Duffez","url":"http:\/\/www.distillerieduffez.fr\/de\/","logo":{"@type":"ImageObject","inLanguage":"en-US","@id":"http:\/\/www.distillerieduffez.fr\/de\/#\/schema\/logo\/image\/","url":"https:\/\/www.distillerieduffez.fr\/wp-content\/uploads\/logo-duffez.jpg","contentUrl":"https:\/\/www.distillerieduffez.fr\/wp-content\/uploads\/logo-duffez.jpg","width":746,"height":150,"caption":"Distillerie Duffez"},"image":{"@id":"http:\/\/www.distillerieduffez.fr\/de\/#\/schema\/logo\/image\/"}}]}},"_links":{"self":[{"href":"https:\/\/www.distillerieduffez.fr\/en\/wp-json\/wp\/v2\/product\/2386","targetHints":{"allow":["GET"]}}],"collection":[{"href":"https:\/\/www.distillerieduffez.fr\/en\/wp-json\/wp\/v2\/product"}],"about":[{"href":"https:\/\/www.distillerieduffez.fr\/en\/wp-json\/wp\/v2\/types\/product"}],"replies":[{"embeddable":true,"href":"https:\/\/www.distillerieduffez.fr\/en\/wp-json\/wp\/v2\/comments?post=2386"}],"wp:featuredmedia":[{"embeddable":true,"href":"https:\/\/www.distillerieduffez.fr\/en\/wp-json\/wp\/v2\/media\/932"}],"wp:attachment":[{"href":"https:\/\/www.distillerieduffez.fr\/en\/wp-json\/wp\/v2\/media?parent=2386"}],"wp:term":[{"taxonomy":"product_brand","embeddable":true,"href":"https:\/\/www.distillerieduffez.fr\/en\/wp-json\/wp\/v2\/product_brand?post=2386"},{"taxonomy":"product_cat","embeddable":true,"href":"https:\/\/www.distillerieduffez.fr\/en\/wp-json\/wp\/v2\/product_cat?post=2386"},{"taxonomy":"product_tag","embeddable":true,"href":"https:\/\/www.distillerieduffez.fr\/en\/wp-json\/wp\/v2\/product_tag?post=2386"}],"curies":[{"name":"wp","href":"https:\/\/api.w.org\/{rel}","templated":true}]}}