{"id":2591,"date":"2018-01-25T00:00:00","date_gmt":"2018-01-24T23:00:00","guid":{"rendered":"http:\/\/www.distillerieduffez.fr\/product\/ao-bio-waldfohre"},"modified":"2018-01-25T00:00:00","modified_gmt":"2018-01-24T23:00:00","slug":"ao-bio-waldfohre","status":"publish","type":"product","link":"https:\/\/www.distillerieduffez.fr\/de\/produkt\/ao-bio-waldfohre","title":{"rendered":"\u00c4therisches \u00d6l Bio Waldf\u00f6hre"},"content":{"rendered":"<p>Die Waldf\u00f6hre macht Holz erst richtig nobel!<\/p>\n<p>Sie gibt unserem \u00e4therischen \u00d6l einen Mahagoni-Ton, und ein nuancenreiches Holzaroma, das ein wenig an Pfeifentabak erinnert.<\/p>\n<p>Es bessert die Spannungskraft und ist vor allem bei Erm\u00fcdungserscheinungen hilfreich.<\/p>\n","protected":false},"excerpt":{"rendered":"<p>Die Waldf\u00f6hre macht Holz erst richtig nobel! Sie gibt unserem \u00e4therischen \u00d6l einen Mahagoni-Ton, und ein nuancenreiches Holzaroma, das ein wenig an Pfeifentabak erinnert. Es bessert die Spannungskraft und ist vor allem bei Erm\u00fcdungserscheinungen hilfreich.<\/p>\n","protected":false},"featured_media":1234,"comment_status":"closed","ping_status":"closed","template":"","meta":{"_acf_changed":false,"_monsterinsights_skip_tracking":false,"_monsterinsights_sitenote_active":false,"_monsterinsights_sitenote_note":"","_monsterinsights_sitenote_category":0},"product_brand":[],"product_cat":[402],"product_tag":[392],"class_list":{"0":"post-2591","1":"product","2":"type-product","3":"status-publish","4":"has-post-thumbnail","6":"product_cat-atherische-bio-ole","7":"product_tag-fohre","9":"first","10":"instock","11":"taxable","12":"shipping-taxable","13":"purchasable","14":"product-type-variable"},"acf":[],"aioseo_notices":[],"yoast_head":"<!-- This site is optimized with the Yoast SEO plugin v27.3 - https:\/\/yoast.com\/product\/yoast-seo-wordpress\/ -->\n<title>\u00c4therisches \u00d6l Bio Waldf\u00f6hre - Distillerie Duffez<\/title>\n<meta name=\"robots\" content=\"index, follow, max-snippet:-1, max-image-preview:large, max-video-preview:-1\" \/>\n<link rel=\"canonical\" href=\"http:\/\/www.distillerieduffez.fr\/de\/produkt\/ao-bio-waldfohre\" \/>\n<meta property=\"og:locale\" content=\"de_DE\" \/>\n<meta property=\"og:type\" content=\"article\" \/>\n<meta property=\"og:title\" content=\"\u00c4therisches \u00d6l Bio Waldf\u00f6hre - Distillerie Duffez\" \/>\n<meta property=\"og:description\" content=\"Die Waldf\u00f6hre macht Holz erst richtig nobel! Sie gibt unserem \u00e4therischen \u00d6l einen Mahagoni-Ton, und ein nuancenreiches Holzaroma, das ein wenig an Pfeifentabak erinnert. Es bessert die Spannungskraft und ist vor allem bei Erm\u00fcdungserscheinungen hilfreich.\" \/>\n<meta property=\"og:url\" content=\"http:\/\/www.distillerieduffez.fr\/de\/produkt\/ao-bio-waldfohre\" \/>\n<meta property=\"og:site_name\" content=\"Distillerie Duffez\" \/>\n<meta property=\"og:image\" content=\"http:\/\/www.distillerieduffez.fr\/wp-content\/uploads\/ann-5384.jpg\" \/>\n\t<meta property=\"og:image:width\" content=\"3022\" \/>\n\t<meta property=\"og:image:height\" content=\"2894\" \/>\n\t<meta property=\"og:image:type\" content=\"image\/jpeg\" \/>\n<meta name=\"twitter:card\" content=\"summary_large_image\" \/>\n<script type=\"application\/ld+json\" class=\"yoast-schema-graph\">{\"@context\":\"https:\\\/\\\/schema.org\",\"@graph\":[{\"@type\":\"WebPage\",\"@id\":\"http:\\\/\\\/www.distillerieduffez.fr\\\/de\\\/produkt\\\/ao-bio-waldfohre\",\"url\":\"http:\\\/\\\/www.distillerieduffez.fr\\\/de\\\/produkt\\\/ao-bio-waldfohre\",\"name\":\"\u00c4therisches \u00d6l Bio Waldf\u00f6hre - Distillerie Duffez\",\"isPartOf\":{\"@id\":\"https:\\\/\\\/www.distillerieduffez.fr\\\/#website\"},\"primaryImageOfPage\":{\"@id\":\"http:\\\/\\\/www.distillerieduffez.fr\\\/de\\\/produkt\\\/ao-bio-waldfohre#primaryimage\"},\"image\":{\"@id\":\"http:\\\/\\\/www.distillerieduffez.fr\\\/de\\\/produkt\\\/ao-bio-waldfohre#primaryimage\"},\"thumbnailUrl\":\"https:\\\/\\\/www.distillerieduffez.fr\\\/wp-content\\\/uploads\\\/ann-5384.jpg\",\"datePublished\":\"2018-01-24T23:00:00+00:00\",\"breadcrumb\":{\"@id\":\"http:\\\/\\\/www.distillerieduffez.fr\\\/de\\\/produkt\\\/ao-bio-waldfohre#breadcrumb\"},\"inLanguage\":\"de\",\"potentialAction\":[{\"@type\":\"ReadAction\",\"target\":[\"http:\\\/\\\/www.distillerieduffez.fr\\\/de\\\/produkt\\\/ao-bio-waldfohre\"]}]},{\"@type\":\"ImageObject\",\"inLanguage\":\"de\",\"@id\":\"http:\\\/\\\/www.distillerieduffez.fr\\\/de\\\/produkt\\\/ao-bio-waldfohre#primaryimage\",\"url\":\"https:\\\/\\\/www.distillerieduffez.fr\\\/wp-content\\\/uploads\\\/ann-5384.jpg\",\"contentUrl\":\"https:\\\/\\\/www.distillerieduffez.fr\\\/wp-content\\\/uploads\\\/ann-5384.jpg\",\"width\":3022,\"height\":2894,\"caption\":\"Pin sylvestre BIO\"},{\"@type\":\"BreadcrumbList\",\"@id\":\"http:\\\/\\\/www.distillerieduffez.fr\\\/de\\\/produkt\\\/ao-bio-waldfohre#breadcrumb\",\"itemListElement\":[{\"@type\":\"ListItem\",\"position\":1,\"name\":\"Home\",\"item\":\"http:\\\/\\\/www.distillerieduffez.fr\\\/de\"},{\"@type\":\"ListItem\",\"position\":2,\"name\":\"Shop\",\"item\":\"https:\\\/\\\/www.distillerieduffez.fr\\\/de\\\/geschaeft\"},{\"@type\":\"ListItem\",\"position\":3,\"name\":\"\u00c4therisches \u00d6l Bio Waldf\u00f6hre\"}]},{\"@type\":\"WebSite\",\"@id\":\"https:\\\/\\\/www.distillerieduffez.fr\\\/#website\",\"url\":\"https:\\\/\\\/www.distillerieduffez.fr\\\/\",\"name\":\"Distillerie Duffez\",\"description\":\"Boutique en ligne d&#039;huiles essentielles biologiques et conventionnelles : lavande, lavandin, cade, h\u00e9lichryse, Cypr\u00e8s Provence, menthe, sauge...\",\"publisher\":{\"@id\":\"https:\\\/\\\/www.distillerieduffez.fr\\\/#organization\"},\"potentialAction\":[{\"@type\":\"SearchAction\",\"target\":{\"@type\":\"EntryPoint\",\"urlTemplate\":\"https:\\\/\\\/www.distillerieduffez.fr\\\/?s={search_term_string}\"},\"query-input\":{\"@type\":\"PropertyValueSpecification\",\"valueRequired\":true,\"valueName\":\"search_term_string\"}}],\"inLanguage\":\"de\"},{\"@type\":\"Organization\",\"@id\":\"https:\\\/\\\/www.distillerieduffez.fr\\\/#organization\",\"name\":\"Distillerie Duffez\",\"url\":\"https:\\\/\\\/www.distillerieduffez.fr\\\/\",\"logo\":{\"@type\":\"ImageObject\",\"inLanguage\":\"de\",\"@id\":\"https:\\\/\\\/www.distillerieduffez.fr\\\/#\\\/schema\\\/logo\\\/image\\\/\",\"url\":\"https:\\\/\\\/www.distillerieduffez.fr\\\/wp-content\\\/uploads\\\/logo-duffez.jpg\",\"contentUrl\":\"https:\\\/\\\/www.distillerieduffez.fr\\\/wp-content\\\/uploads\\\/logo-duffez.jpg\",\"width\":746,\"height\":150,\"caption\":\"Distillerie Duffez\"},\"image\":{\"@id\":\"https:\\\/\\\/www.distillerieduffez.fr\\\/#\\\/schema\\\/logo\\\/image\\\/\"}}]}<\/script>\n<!-- \/ Yoast SEO plugin. -->","yoast_head_json":{"title":"\u00c4therisches \u00d6l Bio Waldf\u00f6hre - Distillerie Duffez","robots":{"index":"index","follow":"follow","max-snippet":"max-snippet:-1","max-image-preview":"max-image-preview:large","max-video-preview":"max-video-preview:-1"},"canonical":"http:\/\/www.distillerieduffez.fr\/de\/produkt\/ao-bio-waldfohre","og_locale":"de_DE","og_type":"article","og_title":"\u00c4therisches \u00d6l Bio Waldf\u00f6hre - Distillerie Duffez","og_description":"Die Waldf\u00f6hre macht Holz erst richtig nobel! Sie gibt unserem \u00e4therischen \u00d6l einen Mahagoni-Ton, und ein nuancenreiches Holzaroma, das ein wenig an Pfeifentabak erinnert. Es bessert die Spannungskraft und ist vor allem bei Erm\u00fcdungserscheinungen hilfreich.","og_url":"http:\/\/www.distillerieduffez.fr\/de\/produkt\/ao-bio-waldfohre","og_site_name":"Distillerie Duffez","og_image":[{"width":3022,"height":2894,"url":"http:\/\/www.distillerieduffez.fr\/wp-content\/uploads\/ann-5384.jpg","type":"image\/jpeg"}],"twitter_card":"summary_large_image","schema":{"@context":"https:\/\/schema.org","@graph":[{"@type":"WebPage","@id":"http:\/\/www.distillerieduffez.fr\/de\/produkt\/ao-bio-waldfohre","url":"http:\/\/www.distillerieduffez.fr\/de\/produkt\/ao-bio-waldfohre","name":"\u00c4therisches \u00d6l Bio Waldf\u00f6hre - Distillerie Duffez","isPartOf":{"@id":"https:\/\/www.distillerieduffez.fr\/#website"},"primaryImageOfPage":{"@id":"http:\/\/www.distillerieduffez.fr\/de\/produkt\/ao-bio-waldfohre#primaryimage"},"image":{"@id":"http:\/\/www.distillerieduffez.fr\/de\/produkt\/ao-bio-waldfohre#primaryimage"},"thumbnailUrl":"https:\/\/www.distillerieduffez.fr\/wp-content\/uploads\/ann-5384.jpg","datePublished":"2018-01-24T23:00:00+00:00","breadcrumb":{"@id":"http:\/\/www.distillerieduffez.fr\/de\/produkt\/ao-bio-waldfohre#breadcrumb"},"inLanguage":"de","potentialAction":[{"@type":"ReadAction","target":["http:\/\/www.distillerieduffez.fr\/de\/produkt\/ao-bio-waldfohre"]}]},{"@type":"ImageObject","inLanguage":"de","@id":"http:\/\/www.distillerieduffez.fr\/de\/produkt\/ao-bio-waldfohre#primaryimage","url":"https:\/\/www.distillerieduffez.fr\/wp-content\/uploads\/ann-5384.jpg","contentUrl":"https:\/\/www.distillerieduffez.fr\/wp-content\/uploads\/ann-5384.jpg","width":3022,"height":2894,"caption":"Pin sylvestre BIO"},{"@type":"BreadcrumbList","@id":"http:\/\/www.distillerieduffez.fr\/de\/produkt\/ao-bio-waldfohre#breadcrumb","itemListElement":[{"@type":"ListItem","position":1,"name":"Home","item":"http:\/\/www.distillerieduffez.fr\/de"},{"@type":"ListItem","position":2,"name":"Shop","item":"https:\/\/www.distillerieduffez.fr\/de\/geschaeft"},{"@type":"ListItem","position":3,"name":"\u00c4therisches \u00d6l Bio Waldf\u00f6hre"}]},{"@type":"WebSite","@id":"https:\/\/www.distillerieduffez.fr\/#website","url":"https:\/\/www.distillerieduffez.fr\/","name":"Distillerie Duffez","description":"Boutique en ligne d&#039;huiles essentielles biologiques et conventionnelles : lavande, lavandin, cade, h\u00e9lichryse, Cypr\u00e8s Provence, menthe, sauge...","publisher":{"@id":"https:\/\/www.distillerieduffez.fr\/#organization"},"potentialAction":[{"@type":"SearchAction","target":{"@type":"EntryPoint","urlTemplate":"https:\/\/www.distillerieduffez.fr\/?s={search_term_string}"},"query-input":{"@type":"PropertyValueSpecification","valueRequired":true,"valueName":"search_term_string"}}],"inLanguage":"de"},{"@type":"Organization","@id":"https:\/\/www.distillerieduffez.fr\/#organization","name":"Distillerie Duffez","url":"https:\/\/www.distillerieduffez.fr\/","logo":{"@type":"ImageObject","inLanguage":"de","@id":"https:\/\/www.distillerieduffez.fr\/#\/schema\/logo\/image\/","url":"https:\/\/www.distillerieduffez.fr\/wp-content\/uploads\/logo-duffez.jpg","contentUrl":"https:\/\/www.distillerieduffez.fr\/wp-content\/uploads\/logo-duffez.jpg","width":746,"height":150,"caption":"Distillerie Duffez"},"image":{"@id":"https:\/\/www.distillerieduffez.fr\/#\/schema\/logo\/image\/"}}]}},"_links":{"self":[{"href":"https:\/\/www.distillerieduffez.fr\/de\/wp-json\/wp\/v2\/product\/2591","targetHints":{"allow":["GET"]}}],"collection":[{"href":"https:\/\/www.distillerieduffez.fr\/de\/wp-json\/wp\/v2\/product"}],"about":[{"href":"https:\/\/www.distillerieduffez.fr\/de\/wp-json\/wp\/v2\/types\/product"}],"replies":[{"embeddable":true,"href":"https:\/\/www.distillerieduffez.fr\/de\/wp-json\/wp\/v2\/comments?post=2591"}],"wp:featuredmedia":[{"embeddable":true,"href":"https:\/\/www.distillerieduffez.fr\/de\/wp-json\/wp\/v2\/media\/1234"}],"wp:attachment":[{"href":"https:\/\/www.distillerieduffez.fr\/de\/wp-json\/wp\/v2\/media?parent=2591"}],"wp:term":[{"taxonomy":"product_brand","embeddable":true,"href":"https:\/\/www.distillerieduffez.fr\/de\/wp-json\/wp\/v2\/product_brand?post=2591"},{"taxonomy":"product_cat","embeddable":true,"href":"https:\/\/www.distillerieduffez.fr\/de\/wp-json\/wp\/v2\/product_cat?post=2591"},{"taxonomy":"product_tag","embeddable":true,"href":"https:\/\/www.distillerieduffez.fr\/de\/wp-json\/wp\/v2\/product_tag?post=2591"}],"curies":[{"name":"wp","href":"https:\/\/api.w.org\/{rel}","templated":true}]}}