{"id":2518,"date":"2018-04-10T00:00:00","date_gmt":"2018-04-09T22:00:00","guid":{"rendered":"http:\/\/www.distillerieduffez.fr\/product\/ao-bio-wacholder"},"modified":"2019-07-19T10:32:23","modified_gmt":"2019-07-19T08:32:23","slug":"ao-bio-wacholder","status":"publish","type":"product","link":"https:\/\/www.distillerieduffez.fr\/de\/produkt\/ao-bio-wacholder","title":{"rendered":"\u00c4therisches \u00d6l Bio Wacholder"},"content":{"rendered":"<p><span lang=\"DE\">Der Wacholder ist ein kleiner stacheliger Strau\u00df, der zur Familie der Zypressen geh\u00f6rt. <\/span><\/p>\n<p><span lang=\"DE\">Man findet ihn vor allem im Mittelmeerraum. Eine besonders sorgf\u00e4ltige Ernte ist bei uns selbstverst\u00e4ndlich, damit die Fr\u00fcchte unversehrt bleiben. <\/span><\/p>\n<p><span lang=\"DE\">Wacholderbeeren brauchen drei Jahre, bis sie reif sind, und wechseln ihre Farbe von gr\u00fcn zu schwarz. <\/span><\/p>\n<p><span lang=\"DE\">Das Aroma des \u00e4therischen \u00d6les ist fruchtig, mit einem h\u00f6lzernen Unterton.<\/span><\/p>\n","protected":false},"excerpt":{"rendered":"<p>Der Wacholder ist ein kleiner stacheliger Strau\u00df, der zur Familie der Zypressen geh\u00f6rt. Man findet ihn vor allem im Mittelmeerraum. Eine besonders sorgf\u00e4ltige Ernte ist bei uns selbstverst\u00e4ndlich, damit die Fr\u00fcchte unversehrt bleiben. Wacholderbeeren brauchen drei Jahre, bis sie reif sind, und wechseln ihre Farbe von gr\u00fcn zu schwarz. Das Aroma des \u00e4therischen \u00d6les ist [&hellip;]<\/p>\n","protected":false},"featured_media":933,"comment_status":"closed","ping_status":"closed","template":"","meta":{"_acf_changed":false,"_monsterinsights_skip_tracking":false,"_monsterinsights_sitenote_active":false,"_monsterinsights_sitenote_note":"","_monsterinsights_sitenote_category":0},"product_brand":[],"product_cat":[402],"product_tag":[386],"class_list":{"0":"post-2518","1":"product","2":"type-product","3":"status-publish","4":"has-post-thumbnail","6":"product_cat-atherische-bio-ole","7":"product_tag-wacholder","9":"first","10":"instock","11":"taxable","12":"shipping-taxable","13":"purchasable","14":"product-type-variable"},"acf":[],"aioseo_notices":[],"yoast_head":"<!-- This site is optimized with the Yoast SEO plugin v27.3 - https:\/\/yoast.com\/product\/yoast-seo-wordpress\/ -->\n<title>\u00c4therisches \u00d6l Bio Wacholder - Distillerie Duffez<\/title>\n<meta name=\"robots\" content=\"index, follow, max-snippet:-1, max-image-preview:large, max-video-preview:-1\" \/>\n<link rel=\"canonical\" href=\"http:\/\/www.distillerieduffez.fr\/de\/produkt\/ao-bio-wacholder\" \/>\n<meta property=\"og:locale\" content=\"de_DE\" \/>\n<meta property=\"og:type\" content=\"article\" \/>\n<meta property=\"og:title\" content=\"\u00c4therisches \u00d6l Bio Wacholder - Distillerie Duffez\" \/>\n<meta property=\"og:description\" content=\"Der Wacholder ist ein kleiner stacheliger Strau\u00df, der zur Familie der Zypressen geh\u00f6rt. Man findet ihn vor allem im Mittelmeerraum. Eine besonders sorgf\u00e4ltige Ernte ist bei uns selbstverst\u00e4ndlich, damit die Fr\u00fcchte unversehrt bleiben. Wacholderbeeren brauchen drei Jahre, bis sie reif sind, und wechseln ihre Farbe von gr\u00fcn zu schwarz. Das Aroma des \u00e4therischen \u00d6les ist [&hellip;]\" \/>\n<meta property=\"og:url\" content=\"http:\/\/www.distillerieduffez.fr\/de\/produkt\/ao-bio-wacholder\" \/>\n<meta property=\"og:site_name\" content=\"Distillerie Duffez\" \/>\n<meta property=\"article:modified_time\" content=\"2019-07-19T08:32:23+00:00\" \/>\n<meta property=\"og:image\" content=\"http:\/\/www.distillerieduffez.fr\/wp-content\/uploads\/ann-5385.jpg\" \/>\n\t<meta property=\"og:image:width\" content=\"2953\" \/>\n\t<meta property=\"og:image:height\" content=\"3076\" \/>\n\t<meta property=\"og:image:type\" content=\"image\/jpeg\" \/>\n<meta name=\"twitter:card\" content=\"summary_large_image\" \/>\n<script type=\"application\/ld+json\" class=\"yoast-schema-graph\">{\"@context\":\"https:\\\/\\\/schema.org\",\"@graph\":[{\"@type\":\"WebPage\",\"@id\":\"http:\\\/\\\/www.distillerieduffez.fr\\\/de\\\/produkt\\\/ao-bio-wacholder\",\"url\":\"http:\\\/\\\/www.distillerieduffez.fr\\\/de\\\/produkt\\\/ao-bio-wacholder\",\"name\":\"\u00c4therisches \u00d6l Bio Wacholder - Distillerie Duffez\",\"isPartOf\":{\"@id\":\"https:\\\/\\\/www.distillerieduffez.fr\\\/en\\\/#website\"},\"primaryImageOfPage\":{\"@id\":\"http:\\\/\\\/www.distillerieduffez.fr\\\/de\\\/produkt\\\/ao-bio-wacholder#primaryimage\"},\"image\":{\"@id\":\"http:\\\/\\\/www.distillerieduffez.fr\\\/de\\\/produkt\\\/ao-bio-wacholder#primaryimage\"},\"thumbnailUrl\":\"https:\\\/\\\/www.distillerieduffez.fr\\\/wp-content\\\/uploads\\\/ann-5385.jpg\",\"datePublished\":\"2018-04-09T22:00:00+00:00\",\"dateModified\":\"2019-07-19T08:32:23+00:00\",\"breadcrumb\":{\"@id\":\"http:\\\/\\\/www.distillerieduffez.fr\\\/de\\\/produkt\\\/ao-bio-wacholder#breadcrumb\"},\"inLanguage\":\"de\",\"potentialAction\":[{\"@type\":\"ReadAction\",\"target\":[\"http:\\\/\\\/www.distillerieduffez.fr\\\/de\\\/produkt\\\/ao-bio-wacholder\"]}]},{\"@type\":\"ImageObject\",\"inLanguage\":\"de\",\"@id\":\"http:\\\/\\\/www.distillerieduffez.fr\\\/de\\\/produkt\\\/ao-bio-wacholder#primaryimage\",\"url\":\"https:\\\/\\\/www.distillerieduffez.fr\\\/wp-content\\\/uploads\\\/ann-5385.jpg\",\"contentUrl\":\"https:\\\/\\\/www.distillerieduffez.fr\\\/wp-content\\\/uploads\\\/ann-5385.jpg\",\"width\":2953,\"height\":3076,\"caption\":\"Gen\u00e9vrier biologique\"},{\"@type\":\"BreadcrumbList\",\"@id\":\"http:\\\/\\\/www.distillerieduffez.fr\\\/de\\\/produkt\\\/ao-bio-wacholder#breadcrumb\",\"itemListElement\":[{\"@type\":\"ListItem\",\"position\":1,\"name\":\"Home\",\"item\":\"https:\\\/\\\/www.distillerieduffez.fr\\\/de\"},{\"@type\":\"ListItem\",\"position\":2,\"name\":\"Shop\",\"item\":\"https:\\\/\\\/www.distillerieduffez.fr\\\/de\\\/geschaeft\"},{\"@type\":\"ListItem\",\"position\":3,\"name\":\"\u00c4therisches \u00d6l Bio Wacholder\"}]},{\"@type\":\"WebSite\",\"@id\":\"https:\\\/\\\/www.distillerieduffez.fr\\\/en\\\/#website\",\"url\":\"https:\\\/\\\/www.distillerieduffez.fr\\\/en\\\/\",\"name\":\"Distillerie Duffez\",\"description\":\"Boutique en ligne d&#039;huiles essentielles biologiques et conventionnelles : lavande, lavandin, cade, h\u00e9lichryse, Cypr\u00e8s Provence, menthe, sauge...\",\"publisher\":{\"@id\":\"https:\\\/\\\/www.distillerieduffez.fr\\\/en\\\/#organization\"},\"potentialAction\":[{\"@type\":\"SearchAction\",\"target\":{\"@type\":\"EntryPoint\",\"urlTemplate\":\"https:\\\/\\\/www.distillerieduffez.fr\\\/en\\\/?s={search_term_string}\"},\"query-input\":{\"@type\":\"PropertyValueSpecification\",\"valueRequired\":true,\"valueName\":\"search_term_string\"}}],\"inLanguage\":\"de\"},{\"@type\":\"Organization\",\"@id\":\"https:\\\/\\\/www.distillerieduffez.fr\\\/en\\\/#organization\",\"name\":\"Distillerie Duffez\",\"url\":\"https:\\\/\\\/www.distillerieduffez.fr\\\/en\\\/\",\"logo\":{\"@type\":\"ImageObject\",\"inLanguage\":\"de\",\"@id\":\"https:\\\/\\\/www.distillerieduffez.fr\\\/en\\\/#\\\/schema\\\/logo\\\/image\\\/\",\"url\":\"https:\\\/\\\/www.distillerieduffez.fr\\\/wp-content\\\/uploads\\\/logo-duffez.jpg\",\"contentUrl\":\"https:\\\/\\\/www.distillerieduffez.fr\\\/wp-content\\\/uploads\\\/logo-duffez.jpg\",\"width\":746,\"height\":150,\"caption\":\"Distillerie Duffez\"},\"image\":{\"@id\":\"https:\\\/\\\/www.distillerieduffez.fr\\\/en\\\/#\\\/schema\\\/logo\\\/image\\\/\"}}]}<\/script>\n<!-- \/ Yoast SEO plugin. -->","yoast_head_json":{"title":"\u00c4therisches \u00d6l Bio Wacholder - Distillerie Duffez","robots":{"index":"index","follow":"follow","max-snippet":"max-snippet:-1","max-image-preview":"max-image-preview:large","max-video-preview":"max-video-preview:-1"},"canonical":"http:\/\/www.distillerieduffez.fr\/de\/produkt\/ao-bio-wacholder","og_locale":"de_DE","og_type":"article","og_title":"\u00c4therisches \u00d6l Bio Wacholder - Distillerie Duffez","og_description":"Der Wacholder ist ein kleiner stacheliger Strau\u00df, der zur Familie der Zypressen geh\u00f6rt. Man findet ihn vor allem im Mittelmeerraum. Eine besonders sorgf\u00e4ltige Ernte ist bei uns selbstverst\u00e4ndlich, damit die Fr\u00fcchte unversehrt bleiben. Wacholderbeeren brauchen drei Jahre, bis sie reif sind, und wechseln ihre Farbe von gr\u00fcn zu schwarz. Das Aroma des \u00e4therischen \u00d6les ist [&hellip;]","og_url":"http:\/\/www.distillerieduffez.fr\/de\/produkt\/ao-bio-wacholder","og_site_name":"Distillerie Duffez","article_modified_time":"2019-07-19T08:32:23+00:00","og_image":[{"width":2953,"height":3076,"url":"http:\/\/www.distillerieduffez.fr\/wp-content\/uploads\/ann-5385.jpg","type":"image\/jpeg"}],"twitter_card":"summary_large_image","schema":{"@context":"https:\/\/schema.org","@graph":[{"@type":"WebPage","@id":"http:\/\/www.distillerieduffez.fr\/de\/produkt\/ao-bio-wacholder","url":"http:\/\/www.distillerieduffez.fr\/de\/produkt\/ao-bio-wacholder","name":"\u00c4therisches \u00d6l Bio Wacholder - Distillerie Duffez","isPartOf":{"@id":"https:\/\/www.distillerieduffez.fr\/en\/#website"},"primaryImageOfPage":{"@id":"http:\/\/www.distillerieduffez.fr\/de\/produkt\/ao-bio-wacholder#primaryimage"},"image":{"@id":"http:\/\/www.distillerieduffez.fr\/de\/produkt\/ao-bio-wacholder#primaryimage"},"thumbnailUrl":"https:\/\/www.distillerieduffez.fr\/wp-content\/uploads\/ann-5385.jpg","datePublished":"2018-04-09T22:00:00+00:00","dateModified":"2019-07-19T08:32:23+00:00","breadcrumb":{"@id":"http:\/\/www.distillerieduffez.fr\/de\/produkt\/ao-bio-wacholder#breadcrumb"},"inLanguage":"de","potentialAction":[{"@type":"ReadAction","target":["http:\/\/www.distillerieduffez.fr\/de\/produkt\/ao-bio-wacholder"]}]},{"@type":"ImageObject","inLanguage":"de","@id":"http:\/\/www.distillerieduffez.fr\/de\/produkt\/ao-bio-wacholder#primaryimage","url":"https:\/\/www.distillerieduffez.fr\/wp-content\/uploads\/ann-5385.jpg","contentUrl":"https:\/\/www.distillerieduffez.fr\/wp-content\/uploads\/ann-5385.jpg","width":2953,"height":3076,"caption":"Gen\u00e9vrier biologique"},{"@type":"BreadcrumbList","@id":"http:\/\/www.distillerieduffez.fr\/de\/produkt\/ao-bio-wacholder#breadcrumb","itemListElement":[{"@type":"ListItem","position":1,"name":"Home","item":"https:\/\/www.distillerieduffez.fr\/de"},{"@type":"ListItem","position":2,"name":"Shop","item":"https:\/\/www.distillerieduffez.fr\/de\/geschaeft"},{"@type":"ListItem","position":3,"name":"\u00c4therisches \u00d6l Bio Wacholder"}]},{"@type":"WebSite","@id":"https:\/\/www.distillerieduffez.fr\/en\/#website","url":"https:\/\/www.distillerieduffez.fr\/en\/","name":"Distillerie Duffez","description":"Boutique en ligne d&#039;huiles essentielles biologiques et conventionnelles : lavande, lavandin, cade, h\u00e9lichryse, Cypr\u00e8s Provence, menthe, sauge...","publisher":{"@id":"https:\/\/www.distillerieduffez.fr\/en\/#organization"},"potentialAction":[{"@type":"SearchAction","target":{"@type":"EntryPoint","urlTemplate":"https:\/\/www.distillerieduffez.fr\/en\/?s={search_term_string}"},"query-input":{"@type":"PropertyValueSpecification","valueRequired":true,"valueName":"search_term_string"}}],"inLanguage":"de"},{"@type":"Organization","@id":"https:\/\/www.distillerieduffez.fr\/en\/#organization","name":"Distillerie Duffez","url":"https:\/\/www.distillerieduffez.fr\/en\/","logo":{"@type":"ImageObject","inLanguage":"de","@id":"https:\/\/www.distillerieduffez.fr\/en\/#\/schema\/logo\/image\/","url":"https:\/\/www.distillerieduffez.fr\/wp-content\/uploads\/logo-duffez.jpg","contentUrl":"https:\/\/www.distillerieduffez.fr\/wp-content\/uploads\/logo-duffez.jpg","width":746,"height":150,"caption":"Distillerie Duffez"},"image":{"@id":"https:\/\/www.distillerieduffez.fr\/en\/#\/schema\/logo\/image\/"}}]}},"_links":{"self":[{"href":"https:\/\/www.distillerieduffez.fr\/de\/wp-json\/wp\/v2\/product\/2518","targetHints":{"allow":["GET"]}}],"collection":[{"href":"https:\/\/www.distillerieduffez.fr\/de\/wp-json\/wp\/v2\/product"}],"about":[{"href":"https:\/\/www.distillerieduffez.fr\/de\/wp-json\/wp\/v2\/types\/product"}],"replies":[{"embeddable":true,"href":"https:\/\/www.distillerieduffez.fr\/de\/wp-json\/wp\/v2\/comments?post=2518"}],"wp:featuredmedia":[{"embeddable":true,"href":"https:\/\/www.distillerieduffez.fr\/de\/wp-json\/wp\/v2\/media\/933"}],"wp:attachment":[{"href":"https:\/\/www.distillerieduffez.fr\/de\/wp-json\/wp\/v2\/media?parent=2518"}],"wp:term":[{"taxonomy":"product_brand","embeddable":true,"href":"https:\/\/www.distillerieduffez.fr\/de\/wp-json\/wp\/v2\/product_brand?post=2518"},{"taxonomy":"product_cat","embeddable":true,"href":"https:\/\/www.distillerieduffez.fr\/de\/wp-json\/wp\/v2\/product_cat?post=2518"},{"taxonomy":"product_tag","embeddable":true,"href":"https:\/\/www.distillerieduffez.fr\/de\/wp-json\/wp\/v2\/product_tag?post=2518"}],"curies":[{"name":"wp","href":"https:\/\/api.w.org\/{rel}","templated":true}]}}