{"id":2510,"date":"2018-01-25T00:00:00","date_gmt":"2018-01-24T23:00:00","guid":{"rendered":"http:\/\/www.distillerieduffez.fr\/product\/ao-bio-zypresse"},"modified":"2018-01-25T00:00:00","modified_gmt":"2018-01-24T23:00:00","slug":"ao-bio-zypresse","status":"publish","type":"product","link":"https:\/\/www.distillerieduffez.fr\/de\/produkt\/ao-bio-zypresse","title":{"rendered":"\u00c4therisches \u00d6l Bio Zypresse aus der Provence"},"content":{"rendered":"<p>Die Zypresse aus der Provence ist ein starker und edler Baum, der Duftnoten von Erde, Holz und Gew\u00fcrz verstr\u00f6mt.<\/p>\n<p>Sie hat dreieckige Bl\u00e4tter die nur 2 bis 6 mm lang sind.<\/p>\n<p>Die Zypresse ist schon seit der griechischen Antike ein Symbol f\u00fcr ewiges Leben, da ihre Bl\u00e4tter immergr\u00fcn und Fr\u00fcchte immer pr\u00e4sent sind.<\/p>\n<p>Sein nahezu verrottungsfestes Holz verstr\u00f6mt einen Duft von Weihrauch.<\/p>\n<p>Zypressen-\u00d6l wird aus den Zweigen destilliert, die am Ende jeden Winters von den B\u00e4umen geschnitten werden.<\/p>\n<p>Fr\u00fcher wurden diese einfach verbrannt, nicht gerade zum Segen der CO2-Emissionen.<\/p>\n<p>Die Destillation der Zweige f\u00fcgt sich wesentlich harmonischer in das \u00f6kologische Gleichgewicht ein\u2026<\/p>\n<p>Die \u00dcberreste nach der Destillation zersetzen sich auf nat\u00fcrliche Weise und werden als Humus und N\u00e4hrboden f\u00fcr Pflanzen verwendet.<\/p>\n<p>Zypressen-\u00d6l hilft vor allem bei Kreislaufst\u00f6rungen.<\/p>\n","protected":false},"excerpt":{"rendered":"<p>Die Zypresse aus der Provence ist ein starker und edler Baum, der Duftnoten von Erde, Holz und Gew\u00fcrz verstr\u00f6mt. Sie hat dreieckige Bl\u00e4tter die nur 2 bis 6 mm lang sind. Die Zypresse ist schon seit der griechischen Antike ein Symbol f\u00fcr ewiges Leben, da ihre Bl\u00e4tter immergr\u00fcn und Fr\u00fcchte immer pr\u00e4sent sind. Sein nahezu [&hellip;]<\/p>\n","protected":false},"featured_media":832,"comment_status":"closed","ping_status":"closed","template":"","meta":{"_acf_changed":false,"_monsterinsights_skip_tracking":false,"_monsterinsights_sitenote_active":false,"_monsterinsights_sitenote_note":"","_monsterinsights_sitenote_category":0},"product_brand":[],"product_cat":[402],"product_tag":[385],"class_list":{"0":"post-2510","1":"product","2":"type-product","3":"status-publish","4":"has-post-thumbnail","6":"product_cat-atherische-bio-ole","7":"product_tag-zypressen","9":"first","10":"instock","11":"featured","12":"taxable","13":"shipping-taxable","14":"purchasable","15":"product-type-variable"},"acf":[],"aioseo_notices":[],"yoast_head":"<!-- This site is optimized with the Yoast SEO plugin v27.3 - https:\/\/yoast.com\/product\/yoast-seo-wordpress\/ -->\n<title>\u00c4therisches \u00d6l Bio Zypresse aus der Provence - Distillerie Duffez<\/title>\n<meta name=\"robots\" content=\"index, follow, max-snippet:-1, max-image-preview:large, max-video-preview:-1\" \/>\n<link rel=\"canonical\" href=\"https:\/\/www.distillerieduffez.fr\/de\/produkt\/ao-bio-zypresse\" \/>\n<meta property=\"og:locale\" content=\"de_DE\" \/>\n<meta property=\"og:type\" content=\"article\" \/>\n<meta property=\"og:title\" content=\"\u00c4therisches \u00d6l Bio Zypresse aus der Provence - Distillerie Duffez\" \/>\n<meta property=\"og:description\" content=\"Die Zypresse aus der Provence ist ein starker und edler Baum, der Duftnoten von Erde, Holz und Gew\u00fcrz verstr\u00f6mt. Sie hat dreieckige Bl\u00e4tter die nur 2 bis 6 mm lang sind. Die Zypresse ist schon seit der griechischen Antike ein Symbol f\u00fcr ewiges Leben, da ihre Bl\u00e4tter immergr\u00fcn und Fr\u00fcchte immer pr\u00e4sent sind. Sein nahezu [&hellip;]\" \/>\n<meta property=\"og:url\" content=\"https:\/\/www.distillerieduffez.fr\/de\/produkt\/ao-bio-zypresse\" \/>\n<meta property=\"og:site_name\" content=\"Distillerie Duffez\" \/>\n<meta property=\"og:image\" content=\"https:\/\/www.distillerieduffez.fr\/wp-content\/uploads\/ann-5443.jpg\" \/>\n\t<meta property=\"og:image:width\" content=\"4905\" \/>\n\t<meta property=\"og:image:height\" content=\"3249\" \/>\n\t<meta property=\"og:image:type\" content=\"image\/jpeg\" \/>\n<meta name=\"twitter:card\" content=\"summary_large_image\" \/>\n<meta name=\"twitter:label1\" content=\"Gesch\u00e4tzte Lesezeit\" \/>\n\t<meta name=\"twitter:data1\" content=\"1\u00a0Minute\" \/>\n<script type=\"application\/ld+json\" class=\"yoast-schema-graph\">{\"@context\":\"https:\\\/\\\/schema.org\",\"@graph\":[{\"@type\":\"WebPage\",\"@id\":\"https:\\\/\\\/www.distillerieduffez.fr\\\/de\\\/produkt\\\/ao-bio-zypresse\",\"url\":\"https:\\\/\\\/www.distillerieduffez.fr\\\/de\\\/produkt\\\/ao-bio-zypresse\",\"name\":\"\u00c4therisches \u00d6l Bio Zypresse aus der Provence - Distillerie Duffez\",\"isPartOf\":{\"@id\":\"https:\\\/\\\/www.distillerieduffez.fr\\\/en\\\/#website\"},\"primaryImageOfPage\":{\"@id\":\"https:\\\/\\\/www.distillerieduffez.fr\\\/de\\\/produkt\\\/ao-bio-zypresse#primaryimage\"},\"image\":{\"@id\":\"https:\\\/\\\/www.distillerieduffez.fr\\\/de\\\/produkt\\\/ao-bio-zypresse#primaryimage\"},\"thumbnailUrl\":\"https:\\\/\\\/www.distillerieduffez.fr\\\/wp-content\\\/uploads\\\/ann-5443.jpg\",\"datePublished\":\"2018-01-24T23:00:00+00:00\",\"breadcrumb\":{\"@id\":\"https:\\\/\\\/www.distillerieduffez.fr\\\/de\\\/produkt\\\/ao-bio-zypresse#breadcrumb\"},\"inLanguage\":\"de\",\"potentialAction\":[{\"@type\":\"ReadAction\",\"target\":[\"https:\\\/\\\/www.distillerieduffez.fr\\\/de\\\/produkt\\\/ao-bio-zypresse\"]}]},{\"@type\":\"ImageObject\",\"inLanguage\":\"de\",\"@id\":\"https:\\\/\\\/www.distillerieduffez.fr\\\/de\\\/produkt\\\/ao-bio-zypresse#primaryimage\",\"url\":\"https:\\\/\\\/www.distillerieduffez.fr\\\/wp-content\\\/uploads\\\/ann-5443.jpg\",\"contentUrl\":\"https:\\\/\\\/www.distillerieduffez.fr\\\/wp-content\\\/uploads\\\/ann-5443.jpg\",\"width\":4905,\"height\":3249,\"caption\":\"Cypr\u00e8s Provence BIO\"},{\"@type\":\"BreadcrumbList\",\"@id\":\"https:\\\/\\\/www.distillerieduffez.fr\\\/de\\\/produkt\\\/ao-bio-zypresse#breadcrumb\",\"itemListElement\":[{\"@type\":\"ListItem\",\"position\":1,\"name\":\"Home\",\"item\":\"https:\\\/\\\/www.distillerieduffez.fr\\\/de\"},{\"@type\":\"ListItem\",\"position\":2,\"name\":\"Shop\",\"item\":\"https:\\\/\\\/www.distillerieduffez.fr\\\/de\\\/geschaeft\"},{\"@type\":\"ListItem\",\"position\":3,\"name\":\"\u00c4therisches \u00d6l Bio Zypresse aus der Provence\"}]},{\"@type\":\"WebSite\",\"@id\":\"https:\\\/\\\/www.distillerieduffez.fr\\\/en\\\/#website\",\"url\":\"https:\\\/\\\/www.distillerieduffez.fr\\\/en\\\/\",\"name\":\"Distillerie Duffez\",\"description\":\"Boutique en ligne d&#039;huiles essentielles biologiques et conventionnelles : lavande, lavandin, cade, h\u00e9lichryse, Cypr\u00e8s Provence, menthe, sauge...\",\"publisher\":{\"@id\":\"https:\\\/\\\/www.distillerieduffez.fr\\\/en\\\/#organization\"},\"potentialAction\":[{\"@type\":\"SearchAction\",\"target\":{\"@type\":\"EntryPoint\",\"urlTemplate\":\"https:\\\/\\\/www.distillerieduffez.fr\\\/en\\\/?s={search_term_string}\"},\"query-input\":{\"@type\":\"PropertyValueSpecification\",\"valueRequired\":true,\"valueName\":\"search_term_string\"}}],\"inLanguage\":\"de\"},{\"@type\":\"Organization\",\"@id\":\"https:\\\/\\\/www.distillerieduffez.fr\\\/en\\\/#organization\",\"name\":\"Distillerie Duffez\",\"url\":\"https:\\\/\\\/www.distillerieduffez.fr\\\/en\\\/\",\"logo\":{\"@type\":\"ImageObject\",\"inLanguage\":\"de\",\"@id\":\"https:\\\/\\\/www.distillerieduffez.fr\\\/en\\\/#\\\/schema\\\/logo\\\/image\\\/\",\"url\":\"https:\\\/\\\/www.distillerieduffez.fr\\\/wp-content\\\/uploads\\\/logo-duffez.jpg\",\"contentUrl\":\"https:\\\/\\\/www.distillerieduffez.fr\\\/wp-content\\\/uploads\\\/logo-duffez.jpg\",\"width\":746,\"height\":150,\"caption\":\"Distillerie Duffez\"},\"image\":{\"@id\":\"https:\\\/\\\/www.distillerieduffez.fr\\\/en\\\/#\\\/schema\\\/logo\\\/image\\\/\"}}]}<\/script>\n<!-- \/ Yoast SEO plugin. -->","yoast_head_json":{"title":"\u00c4therisches \u00d6l Bio Zypresse aus der Provence - Distillerie Duffez","robots":{"index":"index","follow":"follow","max-snippet":"max-snippet:-1","max-image-preview":"max-image-preview:large","max-video-preview":"max-video-preview:-1"},"canonical":"https:\/\/www.distillerieduffez.fr\/de\/produkt\/ao-bio-zypresse","og_locale":"de_DE","og_type":"article","og_title":"\u00c4therisches \u00d6l Bio Zypresse aus der Provence - Distillerie Duffez","og_description":"Die Zypresse aus der Provence ist ein starker und edler Baum, der Duftnoten von Erde, Holz und Gew\u00fcrz verstr\u00f6mt. Sie hat dreieckige Bl\u00e4tter die nur 2 bis 6 mm lang sind. Die Zypresse ist schon seit der griechischen Antike ein Symbol f\u00fcr ewiges Leben, da ihre Bl\u00e4tter immergr\u00fcn und Fr\u00fcchte immer pr\u00e4sent sind. Sein nahezu [&hellip;]","og_url":"https:\/\/www.distillerieduffez.fr\/de\/produkt\/ao-bio-zypresse","og_site_name":"Distillerie Duffez","og_image":[{"width":4905,"height":3249,"url":"https:\/\/www.distillerieduffez.fr\/wp-content\/uploads\/ann-5443.jpg","type":"image\/jpeg"}],"twitter_card":"summary_large_image","twitter_misc":{"Gesch\u00e4tzte Lesezeit":"1\u00a0Minute"},"schema":{"@context":"https:\/\/schema.org","@graph":[{"@type":"WebPage","@id":"https:\/\/www.distillerieduffez.fr\/de\/produkt\/ao-bio-zypresse","url":"https:\/\/www.distillerieduffez.fr\/de\/produkt\/ao-bio-zypresse","name":"\u00c4therisches \u00d6l Bio Zypresse aus der Provence - Distillerie Duffez","isPartOf":{"@id":"https:\/\/www.distillerieduffez.fr\/en\/#website"},"primaryImageOfPage":{"@id":"https:\/\/www.distillerieduffez.fr\/de\/produkt\/ao-bio-zypresse#primaryimage"},"image":{"@id":"https:\/\/www.distillerieduffez.fr\/de\/produkt\/ao-bio-zypresse#primaryimage"},"thumbnailUrl":"https:\/\/www.distillerieduffez.fr\/wp-content\/uploads\/ann-5443.jpg","datePublished":"2018-01-24T23:00:00+00:00","breadcrumb":{"@id":"https:\/\/www.distillerieduffez.fr\/de\/produkt\/ao-bio-zypresse#breadcrumb"},"inLanguage":"de","potentialAction":[{"@type":"ReadAction","target":["https:\/\/www.distillerieduffez.fr\/de\/produkt\/ao-bio-zypresse"]}]},{"@type":"ImageObject","inLanguage":"de","@id":"https:\/\/www.distillerieduffez.fr\/de\/produkt\/ao-bio-zypresse#primaryimage","url":"https:\/\/www.distillerieduffez.fr\/wp-content\/uploads\/ann-5443.jpg","contentUrl":"https:\/\/www.distillerieduffez.fr\/wp-content\/uploads\/ann-5443.jpg","width":4905,"height":3249,"caption":"Cypr\u00e8s Provence BIO"},{"@type":"BreadcrumbList","@id":"https:\/\/www.distillerieduffez.fr\/de\/produkt\/ao-bio-zypresse#breadcrumb","itemListElement":[{"@type":"ListItem","position":1,"name":"Home","item":"https:\/\/www.distillerieduffez.fr\/de"},{"@type":"ListItem","position":2,"name":"Shop","item":"https:\/\/www.distillerieduffez.fr\/de\/geschaeft"},{"@type":"ListItem","position":3,"name":"\u00c4therisches \u00d6l Bio Zypresse aus der Provence"}]},{"@type":"WebSite","@id":"https:\/\/www.distillerieduffez.fr\/en\/#website","url":"https:\/\/www.distillerieduffez.fr\/en\/","name":"Distillerie Duffez","description":"Boutique en ligne d&#039;huiles essentielles biologiques et conventionnelles : lavande, lavandin, cade, h\u00e9lichryse, Cypr\u00e8s Provence, menthe, sauge...","publisher":{"@id":"https:\/\/www.distillerieduffez.fr\/en\/#organization"},"potentialAction":[{"@type":"SearchAction","target":{"@type":"EntryPoint","urlTemplate":"https:\/\/www.distillerieduffez.fr\/en\/?s={search_term_string}"},"query-input":{"@type":"PropertyValueSpecification","valueRequired":true,"valueName":"search_term_string"}}],"inLanguage":"de"},{"@type":"Organization","@id":"https:\/\/www.distillerieduffez.fr\/en\/#organization","name":"Distillerie Duffez","url":"https:\/\/www.distillerieduffez.fr\/en\/","logo":{"@type":"ImageObject","inLanguage":"de","@id":"https:\/\/www.distillerieduffez.fr\/en\/#\/schema\/logo\/image\/","url":"https:\/\/www.distillerieduffez.fr\/wp-content\/uploads\/logo-duffez.jpg","contentUrl":"https:\/\/www.distillerieduffez.fr\/wp-content\/uploads\/logo-duffez.jpg","width":746,"height":150,"caption":"Distillerie Duffez"},"image":{"@id":"https:\/\/www.distillerieduffez.fr\/en\/#\/schema\/logo\/image\/"}}]}},"_links":{"self":[{"href":"https:\/\/www.distillerieduffez.fr\/de\/wp-json\/wp\/v2\/product\/2510","targetHints":{"allow":["GET"]}}],"collection":[{"href":"https:\/\/www.distillerieduffez.fr\/de\/wp-json\/wp\/v2\/product"}],"about":[{"href":"https:\/\/www.distillerieduffez.fr\/de\/wp-json\/wp\/v2\/types\/product"}],"replies":[{"embeddable":true,"href":"https:\/\/www.distillerieduffez.fr\/de\/wp-json\/wp\/v2\/comments?post=2510"}],"wp:featuredmedia":[{"embeddable":true,"href":"https:\/\/www.distillerieduffez.fr\/de\/wp-json\/wp\/v2\/media\/832"}],"wp:attachment":[{"href":"https:\/\/www.distillerieduffez.fr\/de\/wp-json\/wp\/v2\/media?parent=2510"}],"wp:term":[{"taxonomy":"product_brand","embeddable":true,"href":"https:\/\/www.distillerieduffez.fr\/de\/wp-json\/wp\/v2\/product_brand?post=2510"},{"taxonomy":"product_cat","embeddable":true,"href":"https:\/\/www.distillerieduffez.fr\/de\/wp-json\/wp\/v2\/product_cat?post=2510"},{"taxonomy":"product_tag","embeddable":true,"href":"https:\/\/www.distillerieduffez.fr\/de\/wp-json\/wp\/v2\/product_tag?post=2510"}],"curies":[{"name":"wp","href":"https:\/\/api.w.org\/{rel}","templated":true}]}}