{"id":2607,"date":"2018-02-06T00:00:00","date_gmt":"2018-02-05T23:00:00","guid":{"rendered":"http:\/\/www.distillerieduffez.fr\/product\/ol-thymian-atherische-thujanol"},"modified":"2018-02-06T00:00:00","modified_gmt":"2018-02-05T23:00:00","slug":"ol-thymian-atherische-thujanol","status":"publish","type":"product","link":"http:\/\/www.distillerieduffez.fr\/de\/produkt\/ol-thymian-atherische-thujanol","title":{"rendered":"\u00d6l Thymian \u00c4therische Thujanol"},"content":{"rendered":"<pre id=\"tw-target-text\" class=\"tw-data-text tw-ta tw-text-small\" dir=\"ltr\" data-placeholder=\"Traduction\" data-fulltext=\"\"><span lang=\"de\">Der Thujanol Thymian wird geerntet und jedes Jahr im Mai destilliert.\r\n\r\nDies ist einer der ersten Destillation, die den Beginn der Saison markiert! Thymian Thujanol wir destillieren w\u00e4chst auf den sonnigen L\u00e4ndern der Dr\u00f4me Proven\u00e7ale. Die Anlage ist Fr\u00fchling in der Regel Regen im Mai bl\u00fchen. Er schaffte sein \u00e4therisches \u00d6l unter den Sonnenstrahlen die erste Pre-Sommerhitze machen.\r\n\r\nWir versuchen, die Thymianpflanzen zu entwickeln, da die Nachfrage nach diesen \u00e4therischen \u00d6len sind sehr stark.\r\n\r\n\r\n\r\nWie alle \u00e4therischen \u00d6le von Thymian, wird es als Anti-Virus, Anti Pilz und antiseptisch, vor allem in Dental- und HNO-Bereich buco verwendet.\r\n\r\nEs ist auch in F\u00e4llen von Grippe, Mandelentz\u00fcndung und Sinusitis.\r\n\r\nAber Vorsicht empfohlen wird, bevor eine Verwendung dieses sehr leistungsf\u00e4higen \u00e4therischen \u00d6ls ein professionelle ersten konsultieren. Tats\u00e4chlich sind die \u00e4therischen \u00d6le von Thymian werden mit Sorgfalt behandelt, und ihre Verwendung muss ein Rezept von einem professionellen \u00fcberwacht werden.<\/span><\/pre>\n","protected":false},"excerpt":{"rendered":"<p>Der Thujanol Thymian wird geerntet und jedes Jahr im Mai destilliert. Dies ist einer der ersten Destillation, die den Beginn der Saison markiert! Thymian Thujanol wir destillieren w\u00e4chst auf den sonnigen L\u00e4ndern der Dr\u00f4me Proven\u00e7ale. Die Anlage ist Fr\u00fchling in der Regel Regen im Mai bl\u00fchen. Er schaffte sein \u00e4therisches \u00d6l unter den Sonnenstrahlen die [&hellip;]<\/p>\n","protected":false},"featured_media":1318,"comment_status":"closed","ping_status":"closed","template":"","meta":{"_acf_changed":false,"_monsterinsights_skip_tracking":false,"_monsterinsights_sitenote_active":false,"_monsterinsights_sitenote_note":"","_monsterinsights_sitenote_category":0},"product_brand":[],"product_cat":[403],"product_tag":[397],"class_list":{"0":"post-2607","1":"product","2":"type-product","3":"status-publish","4":"has-post-thumbnail","6":"product_cat-atherische-ole","7":"product_tag-thymian","9":"first","10":"instock","11":"taxable","12":"shipping-taxable","13":"purchasable","14":"product-type-variable"},"acf":[],"aioseo_notices":[],"yoast_head":"<!-- This site is optimized with the Yoast SEO plugin v27.3 - https:\/\/yoast.com\/product\/yoast-seo-wordpress\/ -->\n<title>\u00d6l Thymian \u00c4therische Thujanol - Distillerie Duffez<\/title>\n<meta name=\"robots\" content=\"index, follow, max-snippet:-1, max-image-preview:large, max-video-preview:-1\" \/>\n<link rel=\"canonical\" href=\"http:\/\/www.distillerieduffez.fr\/de\/produkt\/ol-thymian-atherische-thujanol\" \/>\n<meta property=\"og:locale\" content=\"de_DE\" \/>\n<meta property=\"og:type\" content=\"article\" \/>\n<meta property=\"og:title\" content=\"\u00d6l Thymian \u00c4therische Thujanol - Distillerie Duffez\" \/>\n<meta property=\"og:description\" content=\"Der Thujanol Thymian wird geerntet und jedes Jahr im Mai destilliert. Dies ist einer der ersten Destillation, die den Beginn der Saison markiert! Thymian Thujanol wir destillieren w\u00e4chst auf den sonnigen L\u00e4ndern der Dr\u00f4me Proven\u00e7ale. Die Anlage ist Fr\u00fchling in der Regel Regen im Mai bl\u00fchen. Er schaffte sein \u00e4therisches \u00d6l unter den Sonnenstrahlen die [&hellip;]\" \/>\n<meta property=\"og:url\" content=\"http:\/\/www.distillerieduffez.fr\/de\/produkt\/ol-thymian-atherische-thujanol\" \/>\n<meta property=\"og:site_name\" content=\"Distillerie Duffez\" \/>\n<meta property=\"og:image\" content=\"http:\/\/www.distillerieduffez.fr\/wp-content\/uploads\/ann-5406.jpg\" \/>\n\t<meta property=\"og:image:width\" content=\"2284\" \/>\n\t<meta property=\"og:image:height\" content=\"2709\" \/>\n\t<meta property=\"og:image:type\" content=\"image\/jpeg\" \/>\n<meta name=\"twitter:card\" content=\"summary_large_image\" \/>\n<meta name=\"twitter:label1\" content=\"Gesch\u00e4tzte Lesezeit\" \/>\n\t<meta name=\"twitter:data1\" content=\"1\u00a0Minute\" \/>\n<script type=\"application\/ld+json\" class=\"yoast-schema-graph\">{\"@context\":\"https:\\\/\\\/schema.org\",\"@graph\":[{\"@type\":\"WebPage\",\"@id\":\"http:\\\/\\\/www.distillerieduffez.fr\\\/de\\\/produkt\\\/ol-thymian-atherische-thujanol\",\"url\":\"http:\\\/\\\/www.distillerieduffez.fr\\\/de\\\/produkt\\\/ol-thymian-atherische-thujanol\",\"name\":\"\u00d6l Thymian \u00c4therische Thujanol - Distillerie Duffez\",\"isPartOf\":{\"@id\":\"https:\\\/\\\/www.distillerieduffez.fr\\\/en\\\/#website\"},\"primaryImageOfPage\":{\"@id\":\"http:\\\/\\\/www.distillerieduffez.fr\\\/de\\\/produkt\\\/ol-thymian-atherische-thujanol#primaryimage\"},\"image\":{\"@id\":\"http:\\\/\\\/www.distillerieduffez.fr\\\/de\\\/produkt\\\/ol-thymian-atherische-thujanol#primaryimage\"},\"thumbnailUrl\":\"http:\\\/\\\/www.distillerieduffez.fr\\\/wp-content\\\/uploads\\\/ann-5406.jpg\",\"datePublished\":\"2018-02-05T23:00:00+00:00\",\"breadcrumb\":{\"@id\":\"http:\\\/\\\/www.distillerieduffez.fr\\\/de\\\/produkt\\\/ol-thymian-atherische-thujanol#breadcrumb\"},\"inLanguage\":\"de\",\"potentialAction\":[{\"@type\":\"ReadAction\",\"target\":[\"http:\\\/\\\/www.distillerieduffez.fr\\\/de\\\/produkt\\\/ol-thymian-atherische-thujanol\"]}]},{\"@type\":\"ImageObject\",\"inLanguage\":\"de\",\"@id\":\"http:\\\/\\\/www.distillerieduffez.fr\\\/de\\\/produkt\\\/ol-thymian-atherische-thujanol#primaryimage\",\"url\":\"http:\\\/\\\/www.distillerieduffez.fr\\\/wp-content\\\/uploads\\\/ann-5406.jpg\",\"contentUrl\":\"http:\\\/\\\/www.distillerieduffez.fr\\\/wp-content\\\/uploads\\\/ann-5406.jpg\",\"width\":2284,\"height\":2709,\"caption\":\"huile essentielle de Thym Thujanol\"},{\"@type\":\"BreadcrumbList\",\"@id\":\"http:\\\/\\\/www.distillerieduffez.fr\\\/de\\\/produkt\\\/ol-thymian-atherische-thujanol#breadcrumb\",\"itemListElement\":[{\"@type\":\"ListItem\",\"position\":1,\"name\":\"Home\",\"item\":\"https:\\\/\\\/www.distillerieduffez.fr\\\/de\"},{\"@type\":\"ListItem\",\"position\":2,\"name\":\"Shop\",\"item\":\"https:\\\/\\\/www.distillerieduffez.fr\\\/de\\\/geschaeft\"},{\"@type\":\"ListItem\",\"position\":3,\"name\":\"\u00d6l Thymian \u00c4therische Thujanol\"}]},{\"@type\":\"WebSite\",\"@id\":\"https:\\\/\\\/www.distillerieduffez.fr\\\/en\\\/#website\",\"url\":\"https:\\\/\\\/www.distillerieduffez.fr\\\/en\\\/\",\"name\":\"Distillerie Duffez\",\"description\":\"Boutique en ligne d&#039;huiles essentielles biologiques et conventionnelles : lavande, lavandin, cade, h\u00e9lichryse, Cypr\u00e8s Provence, menthe, sauge...\",\"publisher\":{\"@id\":\"https:\\\/\\\/www.distillerieduffez.fr\\\/en\\\/#organization\"},\"potentialAction\":[{\"@type\":\"SearchAction\",\"target\":{\"@type\":\"EntryPoint\",\"urlTemplate\":\"https:\\\/\\\/www.distillerieduffez.fr\\\/en\\\/?s={search_term_string}\"},\"query-input\":{\"@type\":\"PropertyValueSpecification\",\"valueRequired\":true,\"valueName\":\"search_term_string\"}}],\"inLanguage\":\"de\"},{\"@type\":\"Organization\",\"@id\":\"https:\\\/\\\/www.distillerieduffez.fr\\\/en\\\/#organization\",\"name\":\"Distillerie Duffez\",\"url\":\"https:\\\/\\\/www.distillerieduffez.fr\\\/en\\\/\",\"logo\":{\"@type\":\"ImageObject\",\"inLanguage\":\"de\",\"@id\":\"https:\\\/\\\/www.distillerieduffez.fr\\\/en\\\/#\\\/schema\\\/logo\\\/image\\\/\",\"url\":\"http:\\\/\\\/www.distillerieduffez.fr\\\/wp-content\\\/uploads\\\/logo-duffez.jpg\",\"contentUrl\":\"http:\\\/\\\/www.distillerieduffez.fr\\\/wp-content\\\/uploads\\\/logo-duffez.jpg\",\"width\":746,\"height\":150,\"caption\":\"Distillerie Duffez\"},\"image\":{\"@id\":\"https:\\\/\\\/www.distillerieduffez.fr\\\/en\\\/#\\\/schema\\\/logo\\\/image\\\/\"}}]}<\/script>\n<!-- \/ Yoast SEO plugin. -->","yoast_head_json":{"title":"\u00d6l Thymian \u00c4therische Thujanol - Distillerie Duffez","robots":{"index":"index","follow":"follow","max-snippet":"max-snippet:-1","max-image-preview":"max-image-preview:large","max-video-preview":"max-video-preview:-1"},"canonical":"http:\/\/www.distillerieduffez.fr\/de\/produkt\/ol-thymian-atherische-thujanol","og_locale":"de_DE","og_type":"article","og_title":"\u00d6l Thymian \u00c4therische Thujanol - Distillerie Duffez","og_description":"Der Thujanol Thymian wird geerntet und jedes Jahr im Mai destilliert. Dies ist einer der ersten Destillation, die den Beginn der Saison markiert! Thymian Thujanol wir destillieren w\u00e4chst auf den sonnigen L\u00e4ndern der Dr\u00f4me Proven\u00e7ale. Die Anlage ist Fr\u00fchling in der Regel Regen im Mai bl\u00fchen. Er schaffte sein \u00e4therisches \u00d6l unter den Sonnenstrahlen die [&hellip;]","og_url":"http:\/\/www.distillerieduffez.fr\/de\/produkt\/ol-thymian-atherische-thujanol","og_site_name":"Distillerie Duffez","og_image":[{"width":2284,"height":2709,"url":"http:\/\/www.distillerieduffez.fr\/wp-content\/uploads\/ann-5406.jpg","type":"image\/jpeg"}],"twitter_card":"summary_large_image","twitter_misc":{"Gesch\u00e4tzte Lesezeit":"1\u00a0Minute"},"schema":{"@context":"https:\/\/schema.org","@graph":[{"@type":"WebPage","@id":"http:\/\/www.distillerieduffez.fr\/de\/produkt\/ol-thymian-atherische-thujanol","url":"http:\/\/www.distillerieduffez.fr\/de\/produkt\/ol-thymian-atherische-thujanol","name":"\u00d6l Thymian \u00c4therische Thujanol - Distillerie Duffez","isPartOf":{"@id":"https:\/\/www.distillerieduffez.fr\/en\/#website"},"primaryImageOfPage":{"@id":"http:\/\/www.distillerieduffez.fr\/de\/produkt\/ol-thymian-atherische-thujanol#primaryimage"},"image":{"@id":"http:\/\/www.distillerieduffez.fr\/de\/produkt\/ol-thymian-atherische-thujanol#primaryimage"},"thumbnailUrl":"http:\/\/www.distillerieduffez.fr\/wp-content\/uploads\/ann-5406.jpg","datePublished":"2018-02-05T23:00:00+00:00","breadcrumb":{"@id":"http:\/\/www.distillerieduffez.fr\/de\/produkt\/ol-thymian-atherische-thujanol#breadcrumb"},"inLanguage":"de","potentialAction":[{"@type":"ReadAction","target":["http:\/\/www.distillerieduffez.fr\/de\/produkt\/ol-thymian-atherische-thujanol"]}]},{"@type":"ImageObject","inLanguage":"de","@id":"http:\/\/www.distillerieduffez.fr\/de\/produkt\/ol-thymian-atherische-thujanol#primaryimage","url":"http:\/\/www.distillerieduffez.fr\/wp-content\/uploads\/ann-5406.jpg","contentUrl":"http:\/\/www.distillerieduffez.fr\/wp-content\/uploads\/ann-5406.jpg","width":2284,"height":2709,"caption":"huile essentielle de Thym Thujanol"},{"@type":"BreadcrumbList","@id":"http:\/\/www.distillerieduffez.fr\/de\/produkt\/ol-thymian-atherische-thujanol#breadcrumb","itemListElement":[{"@type":"ListItem","position":1,"name":"Home","item":"https:\/\/www.distillerieduffez.fr\/de"},{"@type":"ListItem","position":2,"name":"Shop","item":"https:\/\/www.distillerieduffez.fr\/de\/geschaeft"},{"@type":"ListItem","position":3,"name":"\u00d6l Thymian \u00c4therische Thujanol"}]},{"@type":"WebSite","@id":"https:\/\/www.distillerieduffez.fr\/en\/#website","url":"https:\/\/www.distillerieduffez.fr\/en\/","name":"Distillerie Duffez","description":"Boutique en ligne d&#039;huiles essentielles biologiques et conventionnelles : lavande, lavandin, cade, h\u00e9lichryse, Cypr\u00e8s Provence, menthe, sauge...","publisher":{"@id":"https:\/\/www.distillerieduffez.fr\/en\/#organization"},"potentialAction":[{"@type":"SearchAction","target":{"@type":"EntryPoint","urlTemplate":"https:\/\/www.distillerieduffez.fr\/en\/?s={search_term_string}"},"query-input":{"@type":"PropertyValueSpecification","valueRequired":true,"valueName":"search_term_string"}}],"inLanguage":"de"},{"@type":"Organization","@id":"https:\/\/www.distillerieduffez.fr\/en\/#organization","name":"Distillerie Duffez","url":"https:\/\/www.distillerieduffez.fr\/en\/","logo":{"@type":"ImageObject","inLanguage":"de","@id":"https:\/\/www.distillerieduffez.fr\/en\/#\/schema\/logo\/image\/","url":"http:\/\/www.distillerieduffez.fr\/wp-content\/uploads\/logo-duffez.jpg","contentUrl":"http:\/\/www.distillerieduffez.fr\/wp-content\/uploads\/logo-duffez.jpg","width":746,"height":150,"caption":"Distillerie Duffez"},"image":{"@id":"https:\/\/www.distillerieduffez.fr\/en\/#\/schema\/logo\/image\/"}}]}},"_links":{"self":[{"href":"http:\/\/www.distillerieduffez.fr\/de\/wp-json\/wp\/v2\/product\/2607","targetHints":{"allow":["GET"]}}],"collection":[{"href":"http:\/\/www.distillerieduffez.fr\/de\/wp-json\/wp\/v2\/product"}],"about":[{"href":"http:\/\/www.distillerieduffez.fr\/de\/wp-json\/wp\/v2\/types\/product"}],"replies":[{"embeddable":true,"href":"http:\/\/www.distillerieduffez.fr\/de\/wp-json\/wp\/v2\/comments?post=2607"}],"wp:featuredmedia":[{"embeddable":true,"href":"http:\/\/www.distillerieduffez.fr\/de\/wp-json\/wp\/v2\/media\/1318"}],"wp:attachment":[{"href":"http:\/\/www.distillerieduffez.fr\/de\/wp-json\/wp\/v2\/media?parent=2607"}],"wp:term":[{"taxonomy":"product_brand","embeddable":true,"href":"http:\/\/www.distillerieduffez.fr\/de\/wp-json\/wp\/v2\/product_brand?post=2607"},{"taxonomy":"product_cat","embeddable":true,"href":"http:\/\/www.distillerieduffez.fr\/de\/wp-json\/wp\/v2\/product_cat?post=2607"},{"taxonomy":"product_tag","embeddable":true,"href":"http:\/\/www.distillerieduffez.fr\/de\/wp-json\/wp\/v2\/product_tag?post=2607"}],"curies":[{"name":"wp","href":"https:\/\/api.w.org\/{rel}","templated":true}]}}