{"id":2532,"date":"2018-01-25T00:00:00","date_gmt":"2018-01-24T23:00:00","guid":{"rendered":"http:\/\/www.distillerieduffez.fr\/product\/atherisches-lavendelol-aspik"},"modified":"2018-01-25T00:00:00","modified_gmt":"2018-01-24T23:00:00","slug":"atherisches-lavendelol-aspik","status":"publish","type":"product","link":"http:\/\/www.distillerieduffez.fr\/de\/produkt\/atherisches-lavendelol-aspik","title":{"rendered":"\u00c4therisches Lavendel\u00f6l Aspik"},"content":{"rendered":"<div id=\"trtext\">\n<p><span id=\"tran0\">Wir stellen(f\u00fchren) Wesentliches \u00d6l von Lavendel Aspik(Natter) auf den L\u00e4ndereien der Brennerei in der provenzalischen Drome her(herbei).<\/span><\/p>\n<p><span id=\"tran1\">Dieses Wesentliche \u00d6l ist zu Hause in der Brennerei Duffez destilliert, es ist durch Destillation in Wasserdampf der bl\u00fchenden Kapazit\u00e4ten erhalten. Die Kultur dieser Vielfalt von Lavendel ist selten, weil diese zerbrechlich ist. Sein(ihr) Wesentliches \u00d6l besitzt zahlreiche Eigenschaften(Eigentum) und Tugenden Therapeutik.<\/span><\/p>\n<p><span id=\"tran2\">Wir bearbeiten, diese Vielfalt von Lavendel zu entwickeln und seinen Fortbestand aufrechtzuerhalten.<\/span><\/p>\n<p><span id=\"tran3\">Dieses wesentliche \u00d6l von Lavendel Aspik(Natter), ist, rafraichissante und relaxante, es wird die Spannungen, die \u00c4ngste und die Erregbarkeit beruhigen. Sie beruhigt den Schmerz und beruhigt, diese ist sehr benutzt, um efficasement die Brandwunden zu erleichtern und die Insektenstiche(Insekteneinspritzungen) besonders.<\/span><\/p>\n<p><span id=\"tran4\">Dieser Lavendel bl\u00fcht mehr\u00a0<\/span>In der Jahreszeit verglich mit einem Lavendel Wahrheit (Juni-Juli).<\/p>\n<p><span id=\"tran1\">Dieser Lavendel ist an nat\u00fcrlichen Wohltaten reich, die erlauben, den mit einem Bi\u00df, Brandwunde verbundenen Schmerz zu erleichtern, Sonnenstich, aber erlaubt auch, die Spannungen(Blutdruck) zu entspannen, weil sie einen Duft(Parf\u00fcm), der entspannend entspannend ist, befreit und f\u00fcr den provence typisch ist.<\/span><\/p>\n<\/div>\n","protected":false},"excerpt":{"rendered":"<p>Wesentliches \u00d6l von Lavendel Natter, das durch die Brennerei hergestellt ist, duffez Sie in drome von provenzalisch. Wesentliches \u00d6l von Lavendel erleichtert ruhiger Natter und den Schmerz. Der Natter erleichtert wirksam die Insektenstiche und die Brandwunden. Der Lavendel ist Natter von aromath\u00e9rapeute sehr gesch\u00e4tzt, sie entspannt und k\u00e4mpft gegen den Stre\u00df. Die Brennerei duffez baut an und stellt des Lavendels Natter her herbei, davon provenzalisch dr\u00f4me.<\/p>\n","protected":false},"featured_media":1252,"comment_status":"closed","ping_status":"closed","template":"","meta":{"_acf_changed":false,"_monsterinsights_skip_tracking":false,"_monsterinsights_sitenote_active":false,"_monsterinsights_sitenote_note":"","_monsterinsights_sitenote_category":0},"product_brand":[],"product_cat":[403],"product_tag":[389],"class_list":{"0":"post-2532","1":"product","2":"type-product","3":"status-publish","4":"has-post-thumbnail","6":"product_cat-atherische-ole","7":"product_tag-lavendel","9":"first","10":"instock","11":"taxable","12":"shipping-taxable","13":"purchasable","14":"product-type-variable"},"acf":[],"aioseo_notices":[],"yoast_head":"<!-- This site is optimized with the Yoast SEO plugin v27.3 - https:\/\/yoast.com\/product\/yoast-seo-wordpress\/ -->\n<title>\u00c4therisches Lavendel\u00f6l Aspik - Distillerie Duffez<\/title>\n<meta name=\"robots\" content=\"index, follow, max-snippet:-1, max-image-preview:large, max-video-preview:-1\" \/>\n<link rel=\"canonical\" href=\"http:\/\/www.distillerieduffez.fr\/de\/produkt\/atherisches-lavendelol-aspik\" \/>\n<meta property=\"og:locale\" content=\"de_DE\" \/>\n<meta property=\"og:type\" content=\"article\" \/>\n<meta property=\"og:title\" content=\"\u00c4therisches Lavendel\u00f6l Aspik - Distillerie Duffez\" \/>\n<meta property=\"og:description\" content=\"Wesentliches \u00d6l von Lavendel Natter, das durch die Brennerei hergestellt ist, duffez Sie in drome von provenzalisch. Wesentliches \u00d6l von Lavendel erleichtert ruhiger Natter und den Schmerz. Der Natter erleichtert wirksam die Insektenstiche und die Brandwunden. Der Lavendel ist Natter von aromath\u00e9rapeute sehr gesch\u00e4tzt, sie entspannt und k\u00e4mpft gegen den Stre\u00df. Die Brennerei duffez baut an und stellt des Lavendels Natter her herbei, davon provenzalisch dr\u00f4me.\" \/>\n<meta property=\"og:url\" content=\"http:\/\/www.distillerieduffez.fr\/de\/produkt\/atherisches-lavendelol-aspik\" \/>\n<meta property=\"og:site_name\" content=\"Distillerie Duffez\" \/>\n<meta property=\"og:image\" content=\"http:\/\/www.distillerieduffez.fr\/wp-content\/uploads\/ann-5347.jpg\" \/>\n\t<meta property=\"og:image:width\" content=\"3183\" \/>\n\t<meta property=\"og:image:height\" content=\"3255\" \/>\n\t<meta property=\"og:image:type\" content=\"image\/jpeg\" \/>\n<meta name=\"twitter:card\" content=\"summary_large_image\" \/>\n<meta name=\"twitter:label1\" content=\"Gesch\u00e4tzte Lesezeit\" \/>\n\t<meta name=\"twitter:data1\" content=\"1\u00a0Minute\" \/>\n<script type=\"application\/ld+json\" class=\"yoast-schema-graph\">{\"@context\":\"https:\\\/\\\/schema.org\",\"@graph\":[{\"@type\":\"WebPage\",\"@id\":\"http:\\\/\\\/www.distillerieduffez.fr\\\/de\\\/produkt\\\/atherisches-lavendelol-aspik\",\"url\":\"http:\\\/\\\/www.distillerieduffez.fr\\\/de\\\/produkt\\\/atherisches-lavendelol-aspik\",\"name\":\"\u00c4therisches Lavendel\u00f6l Aspik - Distillerie Duffez\",\"isPartOf\":{\"@id\":\"https:\\\/\\\/www.distillerieduffez.fr\\\/#website\"},\"primaryImageOfPage\":{\"@id\":\"http:\\\/\\\/www.distillerieduffez.fr\\\/de\\\/produkt\\\/atherisches-lavendelol-aspik#primaryimage\"},\"image\":{\"@id\":\"http:\\\/\\\/www.distillerieduffez.fr\\\/de\\\/produkt\\\/atherisches-lavendelol-aspik#primaryimage\"},\"thumbnailUrl\":\"http:\\\/\\\/www.distillerieduffez.fr\\\/wp-content\\\/uploads\\\/ann-5347.jpg\",\"datePublished\":\"2018-01-24T23:00:00+00:00\",\"breadcrumb\":{\"@id\":\"http:\\\/\\\/www.distillerieduffez.fr\\\/de\\\/produkt\\\/atherisches-lavendelol-aspik#breadcrumb\"},\"inLanguage\":\"de\",\"potentialAction\":[{\"@type\":\"ReadAction\",\"target\":[\"http:\\\/\\\/www.distillerieduffez.fr\\\/de\\\/produkt\\\/atherisches-lavendelol-aspik\"]}]},{\"@type\":\"ImageObject\",\"inLanguage\":\"de\",\"@id\":\"http:\\\/\\\/www.distillerieduffez.fr\\\/de\\\/produkt\\\/atherisches-lavendelol-aspik#primaryimage\",\"url\":\"http:\\\/\\\/www.distillerieduffez.fr\\\/wp-content\\\/uploads\\\/ann-5347.jpg\",\"contentUrl\":\"http:\\\/\\\/www.distillerieduffez.fr\\\/wp-content\\\/uploads\\\/ann-5347.jpg\",\"width\":3183,\"height\":3255,\"caption\":\"Lavande Aspic 40 ml\"},{\"@type\":\"BreadcrumbList\",\"@id\":\"http:\\\/\\\/www.distillerieduffez.fr\\\/de\\\/produkt\\\/atherisches-lavendelol-aspik#breadcrumb\",\"itemListElement\":[{\"@type\":\"ListItem\",\"position\":1,\"name\":\"Home\",\"item\":\"https:\\\/\\\/www.distillerieduffez.fr\\\/de\"},{\"@type\":\"ListItem\",\"position\":2,\"name\":\"Shop\",\"item\":\"http:\\\/\\\/www.distillerieduffez.fr\\\/de\\\/geschaeft\"},{\"@type\":\"ListItem\",\"position\":3,\"name\":\"\u00c4therisches Lavendel\u00f6l Aspik\"}]},{\"@type\":\"WebSite\",\"@id\":\"https:\\\/\\\/www.distillerieduffez.fr\\\/#website\",\"url\":\"https:\\\/\\\/www.distillerieduffez.fr\\\/\",\"name\":\"Distillerie Duffez\",\"description\":\"Boutique en ligne d&#039;huiles essentielles biologiques et conventionnelles : lavande, lavandin, cade, h\u00e9lichryse, Cypr\u00e8s Provence, menthe, sauge...\",\"publisher\":{\"@id\":\"https:\\\/\\\/www.distillerieduffez.fr\\\/#organization\"},\"potentialAction\":[{\"@type\":\"SearchAction\",\"target\":{\"@type\":\"EntryPoint\",\"urlTemplate\":\"https:\\\/\\\/www.distillerieduffez.fr\\\/?s={search_term_string}\"},\"query-input\":{\"@type\":\"PropertyValueSpecification\",\"valueRequired\":true,\"valueName\":\"search_term_string\"}}],\"inLanguage\":\"de\"},{\"@type\":\"Organization\",\"@id\":\"https:\\\/\\\/www.distillerieduffez.fr\\\/#organization\",\"name\":\"Distillerie Duffez\",\"url\":\"https:\\\/\\\/www.distillerieduffez.fr\\\/\",\"logo\":{\"@type\":\"ImageObject\",\"inLanguage\":\"de\",\"@id\":\"https:\\\/\\\/www.distillerieduffez.fr\\\/#\\\/schema\\\/logo\\\/image\\\/\",\"url\":\"http:\\\/\\\/www.distillerieduffez.fr\\\/wp-content\\\/uploads\\\/logo-duffez.jpg\",\"contentUrl\":\"http:\\\/\\\/www.distillerieduffez.fr\\\/wp-content\\\/uploads\\\/logo-duffez.jpg\",\"width\":746,\"height\":150,\"caption\":\"Distillerie Duffez\"},\"image\":{\"@id\":\"https:\\\/\\\/www.distillerieduffez.fr\\\/#\\\/schema\\\/logo\\\/image\\\/\"}}]}<\/script>\n<!-- \/ Yoast SEO plugin. -->","yoast_head_json":{"title":"\u00c4therisches Lavendel\u00f6l Aspik - Distillerie Duffez","robots":{"index":"index","follow":"follow","max-snippet":"max-snippet:-1","max-image-preview":"max-image-preview:large","max-video-preview":"max-video-preview:-1"},"canonical":"http:\/\/www.distillerieduffez.fr\/de\/produkt\/atherisches-lavendelol-aspik","og_locale":"de_DE","og_type":"article","og_title":"\u00c4therisches Lavendel\u00f6l Aspik - Distillerie Duffez","og_description":"Wesentliches \u00d6l von Lavendel Natter, das durch die Brennerei hergestellt ist, duffez Sie in drome von provenzalisch. Wesentliches \u00d6l von Lavendel erleichtert ruhiger Natter und den Schmerz. Der Natter erleichtert wirksam die Insektenstiche und die Brandwunden. Der Lavendel ist Natter von aromath\u00e9rapeute sehr gesch\u00e4tzt, sie entspannt und k\u00e4mpft gegen den Stre\u00df. Die Brennerei duffez baut an und stellt des Lavendels Natter her herbei, davon provenzalisch dr\u00f4me.","og_url":"http:\/\/www.distillerieduffez.fr\/de\/produkt\/atherisches-lavendelol-aspik","og_site_name":"Distillerie Duffez","og_image":[{"width":3183,"height":3255,"url":"http:\/\/www.distillerieduffez.fr\/wp-content\/uploads\/ann-5347.jpg","type":"image\/jpeg"}],"twitter_card":"summary_large_image","twitter_misc":{"Gesch\u00e4tzte Lesezeit":"1\u00a0Minute"},"schema":{"@context":"https:\/\/schema.org","@graph":[{"@type":"WebPage","@id":"http:\/\/www.distillerieduffez.fr\/de\/produkt\/atherisches-lavendelol-aspik","url":"http:\/\/www.distillerieduffez.fr\/de\/produkt\/atherisches-lavendelol-aspik","name":"\u00c4therisches Lavendel\u00f6l Aspik - Distillerie Duffez","isPartOf":{"@id":"https:\/\/www.distillerieduffez.fr\/#website"},"primaryImageOfPage":{"@id":"http:\/\/www.distillerieduffez.fr\/de\/produkt\/atherisches-lavendelol-aspik#primaryimage"},"image":{"@id":"http:\/\/www.distillerieduffez.fr\/de\/produkt\/atherisches-lavendelol-aspik#primaryimage"},"thumbnailUrl":"http:\/\/www.distillerieduffez.fr\/wp-content\/uploads\/ann-5347.jpg","datePublished":"2018-01-24T23:00:00+00:00","breadcrumb":{"@id":"http:\/\/www.distillerieduffez.fr\/de\/produkt\/atherisches-lavendelol-aspik#breadcrumb"},"inLanguage":"de","potentialAction":[{"@type":"ReadAction","target":["http:\/\/www.distillerieduffez.fr\/de\/produkt\/atherisches-lavendelol-aspik"]}]},{"@type":"ImageObject","inLanguage":"de","@id":"http:\/\/www.distillerieduffez.fr\/de\/produkt\/atherisches-lavendelol-aspik#primaryimage","url":"http:\/\/www.distillerieduffez.fr\/wp-content\/uploads\/ann-5347.jpg","contentUrl":"http:\/\/www.distillerieduffez.fr\/wp-content\/uploads\/ann-5347.jpg","width":3183,"height":3255,"caption":"Lavande Aspic 40 ml"},{"@type":"BreadcrumbList","@id":"http:\/\/www.distillerieduffez.fr\/de\/produkt\/atherisches-lavendelol-aspik#breadcrumb","itemListElement":[{"@type":"ListItem","position":1,"name":"Home","item":"https:\/\/www.distillerieduffez.fr\/de"},{"@type":"ListItem","position":2,"name":"Shop","item":"http:\/\/www.distillerieduffez.fr\/de\/geschaeft"},{"@type":"ListItem","position":3,"name":"\u00c4therisches Lavendel\u00f6l Aspik"}]},{"@type":"WebSite","@id":"https:\/\/www.distillerieduffez.fr\/#website","url":"https:\/\/www.distillerieduffez.fr\/","name":"Distillerie Duffez","description":"Boutique en ligne d&#039;huiles essentielles biologiques et conventionnelles : lavande, lavandin, cade, h\u00e9lichryse, Cypr\u00e8s Provence, menthe, sauge...","publisher":{"@id":"https:\/\/www.distillerieduffez.fr\/#organization"},"potentialAction":[{"@type":"SearchAction","target":{"@type":"EntryPoint","urlTemplate":"https:\/\/www.distillerieduffez.fr\/?s={search_term_string}"},"query-input":{"@type":"PropertyValueSpecification","valueRequired":true,"valueName":"search_term_string"}}],"inLanguage":"de"},{"@type":"Organization","@id":"https:\/\/www.distillerieduffez.fr\/#organization","name":"Distillerie Duffez","url":"https:\/\/www.distillerieduffez.fr\/","logo":{"@type":"ImageObject","inLanguage":"de","@id":"https:\/\/www.distillerieduffez.fr\/#\/schema\/logo\/image\/","url":"http:\/\/www.distillerieduffez.fr\/wp-content\/uploads\/logo-duffez.jpg","contentUrl":"http:\/\/www.distillerieduffez.fr\/wp-content\/uploads\/logo-duffez.jpg","width":746,"height":150,"caption":"Distillerie Duffez"},"image":{"@id":"https:\/\/www.distillerieduffez.fr\/#\/schema\/logo\/image\/"}}]}},"_links":{"self":[{"href":"http:\/\/www.distillerieduffez.fr\/de\/wp-json\/wp\/v2\/product\/2532","targetHints":{"allow":["GET"]}}],"collection":[{"href":"http:\/\/www.distillerieduffez.fr\/de\/wp-json\/wp\/v2\/product"}],"about":[{"href":"http:\/\/www.distillerieduffez.fr\/de\/wp-json\/wp\/v2\/types\/product"}],"replies":[{"embeddable":true,"href":"http:\/\/www.distillerieduffez.fr\/de\/wp-json\/wp\/v2\/comments?post=2532"}],"wp:featuredmedia":[{"embeddable":true,"href":"http:\/\/www.distillerieduffez.fr\/de\/wp-json\/wp\/v2\/media\/1252"}],"wp:attachment":[{"href":"http:\/\/www.distillerieduffez.fr\/de\/wp-json\/wp\/v2\/media?parent=2532"}],"wp:term":[{"taxonomy":"product_brand","embeddable":true,"href":"http:\/\/www.distillerieduffez.fr\/de\/wp-json\/wp\/v2\/product_brand?post=2532"},{"taxonomy":"product_cat","embeddable":true,"href":"http:\/\/www.distillerieduffez.fr\/de\/wp-json\/wp\/v2\/product_cat?post=2532"},{"taxonomy":"product_tag","embeddable":true,"href":"http:\/\/www.distillerieduffez.fr\/de\/wp-json\/wp\/v2\/product_tag?post=2532"}],"curies":[{"name":"wp","href":"https:\/\/api.w.org\/{rel}","templated":true}]}}