{"id":2525,"date":"2018-01-25T00:00:00","date_gmt":"2018-01-24T23:00:00","guid":{"rendered":"http:\/\/www.distillerieduffez.fr\/product\/ao-bio-lorbeer"},"modified":"2018-01-25T00:00:00","modified_gmt":"2018-01-24T23:00:00","slug":"ao-bio-lorbeer","status":"publish","type":"product","link":"http:\/\/www.distillerieduffez.fr\/de\/produkt\/ao-bio-lorbeer","title":{"rendered":"\u00c4therisches \u00d6l Bio Lorbeer"},"content":{"rendered":"<p>Der Lorbeerbaum stammt urspr\u00fcnglich aus dem Mittelmeerraum.<\/p>\n<p>Seine Bl\u00e4tter sind ungew\u00f6hnlich widerstandsf\u00e4hig, gl\u00e4nzend gr\u00fcn auf der Ober-, gebleicht auf der Unterseite.<\/p>\n<p>Obwohl Lorbeer vor allem zum Kochen verwendet wird, darf man nicht vergessen, dass sein \u00e4therisches \u00d6l besonders subtil und komplex ist. Es ist vielleicht das Aroma, das am besten unsere heimatliche Provence widerspiegelt.<\/p>\n<p>S\u00e4mtliche Duftnoten sind pr\u00e4sent, vom Thymian bis zum Lavendel, von typischen Blumen bis zu den Zypressen. Farblich hat das \u00e4therische \u00d6l smaragdgr\u00fcne T\u00f6ne, etwas ganz Besonderes.<\/p>\n","protected":false},"excerpt":{"rendered":"<p>Der Lorbeerbaum stammt urspr\u00fcnglich aus dem Mittelmeerraum. Seine Bl\u00e4tter sind ungew\u00f6hnlich widerstandsf\u00e4hig, gl\u00e4nzend gr\u00fcn auf der Ober-, gebleicht auf der Unterseite. Obwohl Lorbeer vor allem zum Kochen verwendet wird, darf man nicht vergessen, dass sein \u00e4therisches \u00d6l besonders subtil und komplex ist. Es ist vielleicht das Aroma, das am besten unsere heimatliche Provence widerspiegelt. S\u00e4mtliche [&hellip;]<\/p>\n","protected":false},"featured_media":956,"comment_status":"closed","ping_status":"closed","template":"","meta":{"_acf_changed":false,"_monsterinsights_skip_tracking":false,"_monsterinsights_sitenote_active":false,"_monsterinsights_sitenote_note":"","_monsterinsights_sitenote_category":0},"product_brand":[],"product_cat":[402],"product_tag":[388],"class_list":{"0":"post-2525","1":"product","2":"type-product","3":"status-publish","4":"has-post-thumbnail","6":"product_cat-atherische-bio-ole","7":"product_tag-lorbeer","9":"first","10":"outofstock","11":"taxable","12":"shipping-taxable","13":"purchasable","14":"product-type-variable"},"acf":[],"aioseo_notices":[],"yoast_head":"<!-- This site is optimized with the Yoast SEO plugin v27.3 - https:\/\/yoast.com\/product\/yoast-seo-wordpress\/ -->\n<title>\u00c4therisches \u00d6l Bio Lorbeer - Distillerie Duffez<\/title>\n<meta name=\"robots\" content=\"index, follow, max-snippet:-1, max-image-preview:large, max-video-preview:-1\" \/>\n<link rel=\"canonical\" href=\"http:\/\/www.distillerieduffez.fr\/de\/produkt\/ao-bio-lorbeer\" \/>\n<meta property=\"og:locale\" content=\"de_DE\" \/>\n<meta property=\"og:type\" content=\"article\" \/>\n<meta property=\"og:title\" content=\"\u00c4therisches \u00d6l Bio Lorbeer - Distillerie Duffez\" \/>\n<meta property=\"og:description\" content=\"Der Lorbeerbaum stammt urspr\u00fcnglich aus dem Mittelmeerraum. Seine Bl\u00e4tter sind ungew\u00f6hnlich widerstandsf\u00e4hig, gl\u00e4nzend gr\u00fcn auf der Ober-, gebleicht auf der Unterseite. Obwohl Lorbeer vor allem zum Kochen verwendet wird, darf man nicht vergessen, dass sein \u00e4therisches \u00d6l besonders subtil und komplex ist. Es ist vielleicht das Aroma, das am besten unsere heimatliche Provence widerspiegelt. S\u00e4mtliche [&hellip;]\" \/>\n<meta property=\"og:url\" content=\"http:\/\/www.distillerieduffez.fr\/de\/produkt\/ao-bio-lorbeer\" \/>\n<meta property=\"og:site_name\" content=\"Distillerie Duffez\" \/>\n<meta property=\"og:image\" content=\"http:\/\/www.distillerieduffez.fr\/wp-content\/uploads\/ann-5549.jpg\" \/>\n\t<meta property=\"og:image:width\" content=\"4802\" \/>\n\t<meta property=\"og:image:height\" content=\"3181\" \/>\n\t<meta property=\"og:image:type\" content=\"image\/jpeg\" \/>\n<meta name=\"twitter:card\" content=\"summary_large_image\" \/>\n<script type=\"application\/ld+json\" class=\"yoast-schema-graph\">{\"@context\":\"https:\\\/\\\/schema.org\",\"@graph\":[{\"@type\":\"WebPage\",\"@id\":\"http:\\\/\\\/www.distillerieduffez.fr\\\/de\\\/produkt\\\/ao-bio-lorbeer\",\"url\":\"http:\\\/\\\/www.distillerieduffez.fr\\\/de\\\/produkt\\\/ao-bio-lorbeer\",\"name\":\"\u00c4therisches \u00d6l Bio Lorbeer - Distillerie Duffez\",\"isPartOf\":{\"@id\":\"https:\\\/\\\/www.distillerieduffez.fr\\\/en\\\/#website\"},\"primaryImageOfPage\":{\"@id\":\"http:\\\/\\\/www.distillerieduffez.fr\\\/de\\\/produkt\\\/ao-bio-lorbeer#primaryimage\"},\"image\":{\"@id\":\"http:\\\/\\\/www.distillerieduffez.fr\\\/de\\\/produkt\\\/ao-bio-lorbeer#primaryimage\"},\"thumbnailUrl\":\"http:\\\/\\\/www.distillerieduffez.fr\\\/wp-content\\\/uploads\\\/ann-5549.jpg\",\"datePublished\":\"2018-01-24T23:00:00+00:00\",\"breadcrumb\":{\"@id\":\"http:\\\/\\\/www.distillerieduffez.fr\\\/de\\\/produkt\\\/ao-bio-lorbeer#breadcrumb\"},\"inLanguage\":\"de\",\"potentialAction\":[{\"@type\":\"ReadAction\",\"target\":[\"http:\\\/\\\/www.distillerieduffez.fr\\\/de\\\/produkt\\\/ao-bio-lorbeer\"]}]},{\"@type\":\"ImageObject\",\"inLanguage\":\"de\",\"@id\":\"http:\\\/\\\/www.distillerieduffez.fr\\\/de\\\/produkt\\\/ao-bio-lorbeer#primaryimage\",\"url\":\"http:\\\/\\\/www.distillerieduffez.fr\\\/wp-content\\\/uploads\\\/ann-5549.jpg\",\"contentUrl\":\"http:\\\/\\\/www.distillerieduffez.fr\\\/wp-content\\\/uploads\\\/ann-5549.jpg\",\"width\":4802,\"height\":3181,\"caption\":\"Huile essentielle de laurier\"},{\"@type\":\"BreadcrumbList\",\"@id\":\"http:\\\/\\\/www.distillerieduffez.fr\\\/de\\\/produkt\\\/ao-bio-lorbeer#breadcrumb\",\"itemListElement\":[{\"@type\":\"ListItem\",\"position\":1,\"name\":\"Home\",\"item\":\"https:\\\/\\\/www.distillerieduffez.fr\\\/de\"},{\"@type\":\"ListItem\",\"position\":2,\"name\":\"Shop\",\"item\":\"https:\\\/\\\/www.distillerieduffez.fr\\\/de\\\/geschaeft\"},{\"@type\":\"ListItem\",\"position\":3,\"name\":\"\u00c4therisches \u00d6l Bio Lorbeer\"}]},{\"@type\":\"WebSite\",\"@id\":\"https:\\\/\\\/www.distillerieduffez.fr\\\/en\\\/#website\",\"url\":\"https:\\\/\\\/www.distillerieduffez.fr\\\/en\\\/\",\"name\":\"Distillerie Duffez\",\"description\":\"Boutique en ligne d&#039;huiles essentielles biologiques et conventionnelles : lavande, lavandin, cade, h\u00e9lichryse, Cypr\u00e8s Provence, menthe, sauge...\",\"publisher\":{\"@id\":\"https:\\\/\\\/www.distillerieduffez.fr\\\/en\\\/#organization\"},\"potentialAction\":[{\"@type\":\"SearchAction\",\"target\":{\"@type\":\"EntryPoint\",\"urlTemplate\":\"https:\\\/\\\/www.distillerieduffez.fr\\\/en\\\/?s={search_term_string}\"},\"query-input\":{\"@type\":\"PropertyValueSpecification\",\"valueRequired\":true,\"valueName\":\"search_term_string\"}}],\"inLanguage\":\"de\"},{\"@type\":\"Organization\",\"@id\":\"https:\\\/\\\/www.distillerieduffez.fr\\\/en\\\/#organization\",\"name\":\"Distillerie Duffez\",\"url\":\"https:\\\/\\\/www.distillerieduffez.fr\\\/en\\\/\",\"logo\":{\"@type\":\"ImageObject\",\"inLanguage\":\"de\",\"@id\":\"https:\\\/\\\/www.distillerieduffez.fr\\\/en\\\/#\\\/schema\\\/logo\\\/image\\\/\",\"url\":\"http:\\\/\\\/www.distillerieduffez.fr\\\/wp-content\\\/uploads\\\/logo-duffez.jpg\",\"contentUrl\":\"http:\\\/\\\/www.distillerieduffez.fr\\\/wp-content\\\/uploads\\\/logo-duffez.jpg\",\"width\":746,\"height\":150,\"caption\":\"Distillerie Duffez\"},\"image\":{\"@id\":\"https:\\\/\\\/www.distillerieduffez.fr\\\/en\\\/#\\\/schema\\\/logo\\\/image\\\/\"}}]}<\/script>\n<!-- \/ Yoast SEO plugin. -->","yoast_head_json":{"title":"\u00c4therisches \u00d6l Bio Lorbeer - Distillerie Duffez","robots":{"index":"index","follow":"follow","max-snippet":"max-snippet:-1","max-image-preview":"max-image-preview:large","max-video-preview":"max-video-preview:-1"},"canonical":"http:\/\/www.distillerieduffez.fr\/de\/produkt\/ao-bio-lorbeer","og_locale":"de_DE","og_type":"article","og_title":"\u00c4therisches \u00d6l Bio Lorbeer - Distillerie Duffez","og_description":"Der Lorbeerbaum stammt urspr\u00fcnglich aus dem Mittelmeerraum. Seine Bl\u00e4tter sind ungew\u00f6hnlich widerstandsf\u00e4hig, gl\u00e4nzend gr\u00fcn auf der Ober-, gebleicht auf der Unterseite. Obwohl Lorbeer vor allem zum Kochen verwendet wird, darf man nicht vergessen, dass sein \u00e4therisches \u00d6l besonders subtil und komplex ist. Es ist vielleicht das Aroma, das am besten unsere heimatliche Provence widerspiegelt. S\u00e4mtliche [&hellip;]","og_url":"http:\/\/www.distillerieduffez.fr\/de\/produkt\/ao-bio-lorbeer","og_site_name":"Distillerie Duffez","og_image":[{"width":4802,"height":3181,"url":"http:\/\/www.distillerieduffez.fr\/wp-content\/uploads\/ann-5549.jpg","type":"image\/jpeg"}],"twitter_card":"summary_large_image","schema":{"@context":"https:\/\/schema.org","@graph":[{"@type":"WebPage","@id":"http:\/\/www.distillerieduffez.fr\/de\/produkt\/ao-bio-lorbeer","url":"http:\/\/www.distillerieduffez.fr\/de\/produkt\/ao-bio-lorbeer","name":"\u00c4therisches \u00d6l Bio Lorbeer - Distillerie Duffez","isPartOf":{"@id":"https:\/\/www.distillerieduffez.fr\/en\/#website"},"primaryImageOfPage":{"@id":"http:\/\/www.distillerieduffez.fr\/de\/produkt\/ao-bio-lorbeer#primaryimage"},"image":{"@id":"http:\/\/www.distillerieduffez.fr\/de\/produkt\/ao-bio-lorbeer#primaryimage"},"thumbnailUrl":"http:\/\/www.distillerieduffez.fr\/wp-content\/uploads\/ann-5549.jpg","datePublished":"2018-01-24T23:00:00+00:00","breadcrumb":{"@id":"http:\/\/www.distillerieduffez.fr\/de\/produkt\/ao-bio-lorbeer#breadcrumb"},"inLanguage":"de","potentialAction":[{"@type":"ReadAction","target":["http:\/\/www.distillerieduffez.fr\/de\/produkt\/ao-bio-lorbeer"]}]},{"@type":"ImageObject","inLanguage":"de","@id":"http:\/\/www.distillerieduffez.fr\/de\/produkt\/ao-bio-lorbeer#primaryimage","url":"http:\/\/www.distillerieduffez.fr\/wp-content\/uploads\/ann-5549.jpg","contentUrl":"http:\/\/www.distillerieduffez.fr\/wp-content\/uploads\/ann-5549.jpg","width":4802,"height":3181,"caption":"Huile essentielle de laurier"},{"@type":"BreadcrumbList","@id":"http:\/\/www.distillerieduffez.fr\/de\/produkt\/ao-bio-lorbeer#breadcrumb","itemListElement":[{"@type":"ListItem","position":1,"name":"Home","item":"https:\/\/www.distillerieduffez.fr\/de"},{"@type":"ListItem","position":2,"name":"Shop","item":"https:\/\/www.distillerieduffez.fr\/de\/geschaeft"},{"@type":"ListItem","position":3,"name":"\u00c4therisches \u00d6l Bio Lorbeer"}]},{"@type":"WebSite","@id":"https:\/\/www.distillerieduffez.fr\/en\/#website","url":"https:\/\/www.distillerieduffez.fr\/en\/","name":"Distillerie Duffez","description":"Boutique en ligne d&#039;huiles essentielles biologiques et conventionnelles : lavande, lavandin, cade, h\u00e9lichryse, Cypr\u00e8s Provence, menthe, sauge...","publisher":{"@id":"https:\/\/www.distillerieduffez.fr\/en\/#organization"},"potentialAction":[{"@type":"SearchAction","target":{"@type":"EntryPoint","urlTemplate":"https:\/\/www.distillerieduffez.fr\/en\/?s={search_term_string}"},"query-input":{"@type":"PropertyValueSpecification","valueRequired":true,"valueName":"search_term_string"}}],"inLanguage":"de"},{"@type":"Organization","@id":"https:\/\/www.distillerieduffez.fr\/en\/#organization","name":"Distillerie Duffez","url":"https:\/\/www.distillerieduffez.fr\/en\/","logo":{"@type":"ImageObject","inLanguage":"de","@id":"https:\/\/www.distillerieduffez.fr\/en\/#\/schema\/logo\/image\/","url":"http:\/\/www.distillerieduffez.fr\/wp-content\/uploads\/logo-duffez.jpg","contentUrl":"http:\/\/www.distillerieduffez.fr\/wp-content\/uploads\/logo-duffez.jpg","width":746,"height":150,"caption":"Distillerie Duffez"},"image":{"@id":"https:\/\/www.distillerieduffez.fr\/en\/#\/schema\/logo\/image\/"}}]}},"_links":{"self":[{"href":"http:\/\/www.distillerieduffez.fr\/de\/wp-json\/wp\/v2\/product\/2525","targetHints":{"allow":["GET"]}}],"collection":[{"href":"http:\/\/www.distillerieduffez.fr\/de\/wp-json\/wp\/v2\/product"}],"about":[{"href":"http:\/\/www.distillerieduffez.fr\/de\/wp-json\/wp\/v2\/types\/product"}],"replies":[{"embeddable":true,"href":"http:\/\/www.distillerieduffez.fr\/de\/wp-json\/wp\/v2\/comments?post=2525"}],"wp:featuredmedia":[{"embeddable":true,"href":"http:\/\/www.distillerieduffez.fr\/de\/wp-json\/wp\/v2\/media\/956"}],"wp:attachment":[{"href":"http:\/\/www.distillerieduffez.fr\/de\/wp-json\/wp\/v2\/media?parent=2525"}],"wp:term":[{"taxonomy":"product_brand","embeddable":true,"href":"http:\/\/www.distillerieduffez.fr\/de\/wp-json\/wp\/v2\/product_brand?post=2525"},{"taxonomy":"product_cat","embeddable":true,"href":"http:\/\/www.distillerieduffez.fr\/de\/wp-json\/wp\/v2\/product_cat?post=2525"},{"taxonomy":"product_tag","embeddable":true,"href":"http:\/\/www.distillerieduffez.fr\/de\/wp-json\/wp\/v2\/product_tag?post=2525"}],"curies":[{"name":"wp","href":"https:\/\/api.w.org\/{rel}","templated":true}]}}