{"id":2489,"date":"2018-04-11T00:00:00","date_gmt":"2018-04-10T22:00:00","guid":{"rendered":"http:\/\/www.distillerieduffez.fr\/product\/atherisches-ol-von-oregano-bio"},"modified":"2018-04-11T00:00:00","modified_gmt":"2018-04-10T22:00:00","slug":"atherisches-ol-von-oregano-bio","status":"publish","type":"product","link":"http:\/\/www.distillerieduffez.fr\/de\/produkt\/atherisches-ol-von-oregano-bio","title":{"rendered":"\u00c4therisches \u00d6l von Oregano Bio"},"content":{"rendered":"<pre id=\"tw-target-text\" class=\"tw-data-text tw-ta tw-text-small\" dir=\"ltr\" data-placeholder=\"Traduction\" data-fulltext=\"\"><span lang=\"de\">Ausgabe bauen Partnerschaften seit Jahrzehnten mit lokalen Produzenten, das \u00e4therische \u00d6l von Oregano kompakt Bio ist Distillery Duffez in der Provence hergestellt.\r\n\r\nDer Ursprung dieser Pflanze ist in der hei\u00dfen Region Nordafrika.<\/span><\/pre>\n","protected":false},"excerpt":{"rendered":"<pre id=\"tw-target-text\" class=\"tw-data-text tw-ta tw-text-small\" dir=\"ltr\" data-placeholder=\"Traduction\" data-fulltext=\"\"><span lang=\"de\">\u00d6l Oregano Bio Essential, bekannt f\u00fcr seine vielen therapeutischen Eigenschaften, das \u00e4therische \u00d6l von Oregano wird von Bio-Distillery Duffez in der Provence hergestellt.\r\n\r\nBio Oregano \u00e4therisches \u00d6l stammt aus kontrolliert biologischem Anbau von ECOCERT.<\/span><\/pre>\n","protected":false},"featured_media":1292,"comment_status":"closed","ping_status":"closed","template":"","meta":{"_acf_changed":false,"_monsterinsights_skip_tracking":false,"_monsterinsights_sitenote_active":false,"_monsterinsights_sitenote_note":"","_monsterinsights_sitenote_category":0},"product_brand":[],"product_cat":[402],"product_tag":[447],"class_list":{"0":"post-2489","1":"product","2":"type-product","3":"status-publish","4":"has-post-thumbnail","6":"product_cat-atherische-bio-ole","7":"product_tag-oregano","9":"first","10":"instock","11":"taxable","12":"shipping-taxable","13":"purchasable","14":"product-type-variable"},"acf":[],"aioseo_notices":[],"yoast_head":"<!-- This site is optimized with the Yoast SEO plugin v27.3 - https:\/\/yoast.com\/product\/yoast-seo-wordpress\/ -->\n<title>\u00c4therisches \u00d6l von Oregano Bio - Distillerie Duffez<\/title>\n<meta name=\"robots\" content=\"index, follow, max-snippet:-1, max-image-preview:large, max-video-preview:-1\" \/>\n<link rel=\"canonical\" href=\"http:\/\/www.distillerieduffez.fr\/de\/produkt\/atherisches-ol-von-oregano-bio\" \/>\n<meta property=\"og:locale\" content=\"de_DE\" \/>\n<meta property=\"og:type\" content=\"article\" \/>\n<meta property=\"og:title\" content=\"\u00c4therisches \u00d6l von Oregano Bio - Distillerie Duffez\" \/>\n<meta property=\"og:description\" content=\"\u00d6l Oregano Bio Essential, bekannt f\u00fcr seine vielen therapeutischen Eigenschaften, das \u00e4therische \u00d6l von Oregano wird von Bio-Distillery Duffez in der Provence hergestellt.  Bio Oregano \u00e4therisches \u00d6l stammt aus kontrolliert biologischem Anbau von ECOCERT.\" \/>\n<meta property=\"og:url\" content=\"http:\/\/www.distillerieduffez.fr\/de\/produkt\/atherisches-ol-von-oregano-bio\" \/>\n<meta property=\"og:site_name\" content=\"Distillerie Duffez\" \/>\n<meta property=\"og:image\" content=\"http:\/\/www.distillerieduffez.fr\/wp-content\/uploads\/ann-5411.jpg\" \/>\n\t<meta property=\"og:image:width\" content=\"1754\" \/>\n\t<meta property=\"og:image:height\" content=\"2790\" \/>\n\t<meta property=\"og:image:type\" content=\"image\/jpeg\" \/>\n<meta name=\"twitter:card\" content=\"summary_large_image\" \/>\n<script type=\"application\/ld+json\" class=\"yoast-schema-graph\">{\"@context\":\"https:\\\/\\\/schema.org\",\"@graph\":[{\"@type\":\"WebPage\",\"@id\":\"http:\\\/\\\/www.distillerieduffez.fr\\\/de\\\/produkt\\\/atherisches-ol-von-oregano-bio\",\"url\":\"http:\\\/\\\/www.distillerieduffez.fr\\\/de\\\/produkt\\\/atherisches-ol-von-oregano-bio\",\"name\":\"\u00c4therisches \u00d6l von Oregano Bio - Distillerie Duffez\",\"isPartOf\":{\"@id\":\"https:\\\/\\\/www.distillerieduffez.fr\\\/en\\\/#website\"},\"primaryImageOfPage\":{\"@id\":\"http:\\\/\\\/www.distillerieduffez.fr\\\/de\\\/produkt\\\/atherisches-ol-von-oregano-bio#primaryimage\"},\"image\":{\"@id\":\"http:\\\/\\\/www.distillerieduffez.fr\\\/de\\\/produkt\\\/atherisches-ol-von-oregano-bio#primaryimage\"},\"thumbnailUrl\":\"http:\\\/\\\/www.distillerieduffez.fr\\\/wp-content\\\/uploads\\\/ann-5411.jpg\",\"datePublished\":\"2018-04-10T22:00:00+00:00\",\"breadcrumb\":{\"@id\":\"http:\\\/\\\/www.distillerieduffez.fr\\\/de\\\/produkt\\\/atherisches-ol-von-oregano-bio#breadcrumb\"},\"inLanguage\":\"de\",\"potentialAction\":[{\"@type\":\"ReadAction\",\"target\":[\"http:\\\/\\\/www.distillerieduffez.fr\\\/de\\\/produkt\\\/atherisches-ol-von-oregano-bio\"]}]},{\"@type\":\"ImageObject\",\"inLanguage\":\"de\",\"@id\":\"http:\\\/\\\/www.distillerieduffez.fr\\\/de\\\/produkt\\\/atherisches-ol-von-oregano-bio#primaryimage\",\"url\":\"http:\\\/\\\/www.distillerieduffez.fr\\\/wp-content\\\/uploads\\\/ann-5411.jpg\",\"contentUrl\":\"http:\\\/\\\/www.distillerieduffez.fr\\\/wp-content\\\/uploads\\\/ann-5411.jpg\",\"width\":1754,\"height\":2790,\"caption\":\"Huile Essentielle Origan BIO\"},{\"@type\":\"BreadcrumbList\",\"@id\":\"http:\\\/\\\/www.distillerieduffez.fr\\\/de\\\/produkt\\\/atherisches-ol-von-oregano-bio#breadcrumb\",\"itemListElement\":[{\"@type\":\"ListItem\",\"position\":1,\"name\":\"Home\",\"item\":\"https:\\\/\\\/www.distillerieduffez.fr\\\/de\"},{\"@type\":\"ListItem\",\"position\":2,\"name\":\"Shop\",\"item\":\"https:\\\/\\\/www.distillerieduffez.fr\\\/de\\\/geschaeft\"},{\"@type\":\"ListItem\",\"position\":3,\"name\":\"\u00c4therisches \u00d6l von Oregano Bio\"}]},{\"@type\":\"WebSite\",\"@id\":\"https:\\\/\\\/www.distillerieduffez.fr\\\/en\\\/#website\",\"url\":\"https:\\\/\\\/www.distillerieduffez.fr\\\/en\\\/\",\"name\":\"Distillerie Duffez\",\"description\":\"Boutique en ligne d&#039;huiles essentielles biologiques et conventionnelles : lavande, lavandin, cade, h\u00e9lichryse, Cypr\u00e8s Provence, menthe, sauge...\",\"publisher\":{\"@id\":\"https:\\\/\\\/www.distillerieduffez.fr\\\/en\\\/#organization\"},\"potentialAction\":[{\"@type\":\"SearchAction\",\"target\":{\"@type\":\"EntryPoint\",\"urlTemplate\":\"https:\\\/\\\/www.distillerieduffez.fr\\\/en\\\/?s={search_term_string}\"},\"query-input\":{\"@type\":\"PropertyValueSpecification\",\"valueRequired\":true,\"valueName\":\"search_term_string\"}}],\"inLanguage\":\"de\"},{\"@type\":\"Organization\",\"@id\":\"https:\\\/\\\/www.distillerieduffez.fr\\\/en\\\/#organization\",\"name\":\"Distillerie Duffez\",\"url\":\"https:\\\/\\\/www.distillerieduffez.fr\\\/en\\\/\",\"logo\":{\"@type\":\"ImageObject\",\"inLanguage\":\"de\",\"@id\":\"https:\\\/\\\/www.distillerieduffez.fr\\\/en\\\/#\\\/schema\\\/logo\\\/image\\\/\",\"url\":\"http:\\\/\\\/www.distillerieduffez.fr\\\/wp-content\\\/uploads\\\/logo-duffez.jpg\",\"contentUrl\":\"http:\\\/\\\/www.distillerieduffez.fr\\\/wp-content\\\/uploads\\\/logo-duffez.jpg\",\"width\":746,\"height\":150,\"caption\":\"Distillerie Duffez\"},\"image\":{\"@id\":\"https:\\\/\\\/www.distillerieduffez.fr\\\/en\\\/#\\\/schema\\\/logo\\\/image\\\/\"}}]}<\/script>\n<!-- \/ Yoast SEO plugin. -->","yoast_head_json":{"title":"\u00c4therisches \u00d6l von Oregano Bio - Distillerie Duffez","robots":{"index":"index","follow":"follow","max-snippet":"max-snippet:-1","max-image-preview":"max-image-preview:large","max-video-preview":"max-video-preview:-1"},"canonical":"http:\/\/www.distillerieduffez.fr\/de\/produkt\/atherisches-ol-von-oregano-bio","og_locale":"de_DE","og_type":"article","og_title":"\u00c4therisches \u00d6l von Oregano Bio - Distillerie Duffez","og_description":"\u00d6l Oregano Bio Essential, bekannt f\u00fcr seine vielen therapeutischen Eigenschaften, das \u00e4therische \u00d6l von Oregano wird von Bio-Distillery Duffez in der Provence hergestellt.  Bio Oregano \u00e4therisches \u00d6l stammt aus kontrolliert biologischem Anbau von ECOCERT.","og_url":"http:\/\/www.distillerieduffez.fr\/de\/produkt\/atherisches-ol-von-oregano-bio","og_site_name":"Distillerie Duffez","og_image":[{"width":1754,"height":2790,"url":"http:\/\/www.distillerieduffez.fr\/wp-content\/uploads\/ann-5411.jpg","type":"image\/jpeg"}],"twitter_card":"summary_large_image","schema":{"@context":"https:\/\/schema.org","@graph":[{"@type":"WebPage","@id":"http:\/\/www.distillerieduffez.fr\/de\/produkt\/atherisches-ol-von-oregano-bio","url":"http:\/\/www.distillerieduffez.fr\/de\/produkt\/atherisches-ol-von-oregano-bio","name":"\u00c4therisches \u00d6l von Oregano Bio - Distillerie Duffez","isPartOf":{"@id":"https:\/\/www.distillerieduffez.fr\/en\/#website"},"primaryImageOfPage":{"@id":"http:\/\/www.distillerieduffez.fr\/de\/produkt\/atherisches-ol-von-oregano-bio#primaryimage"},"image":{"@id":"http:\/\/www.distillerieduffez.fr\/de\/produkt\/atherisches-ol-von-oregano-bio#primaryimage"},"thumbnailUrl":"http:\/\/www.distillerieduffez.fr\/wp-content\/uploads\/ann-5411.jpg","datePublished":"2018-04-10T22:00:00+00:00","breadcrumb":{"@id":"http:\/\/www.distillerieduffez.fr\/de\/produkt\/atherisches-ol-von-oregano-bio#breadcrumb"},"inLanguage":"de","potentialAction":[{"@type":"ReadAction","target":["http:\/\/www.distillerieduffez.fr\/de\/produkt\/atherisches-ol-von-oregano-bio"]}]},{"@type":"ImageObject","inLanguage":"de","@id":"http:\/\/www.distillerieduffez.fr\/de\/produkt\/atherisches-ol-von-oregano-bio#primaryimage","url":"http:\/\/www.distillerieduffez.fr\/wp-content\/uploads\/ann-5411.jpg","contentUrl":"http:\/\/www.distillerieduffez.fr\/wp-content\/uploads\/ann-5411.jpg","width":1754,"height":2790,"caption":"Huile Essentielle Origan BIO"},{"@type":"BreadcrumbList","@id":"http:\/\/www.distillerieduffez.fr\/de\/produkt\/atherisches-ol-von-oregano-bio#breadcrumb","itemListElement":[{"@type":"ListItem","position":1,"name":"Home","item":"https:\/\/www.distillerieduffez.fr\/de"},{"@type":"ListItem","position":2,"name":"Shop","item":"https:\/\/www.distillerieduffez.fr\/de\/geschaeft"},{"@type":"ListItem","position":3,"name":"\u00c4therisches \u00d6l von Oregano Bio"}]},{"@type":"WebSite","@id":"https:\/\/www.distillerieduffez.fr\/en\/#website","url":"https:\/\/www.distillerieduffez.fr\/en\/","name":"Distillerie Duffez","description":"Boutique en ligne d&#039;huiles essentielles biologiques et conventionnelles : lavande, lavandin, cade, h\u00e9lichryse, Cypr\u00e8s Provence, menthe, sauge...","publisher":{"@id":"https:\/\/www.distillerieduffez.fr\/en\/#organization"},"potentialAction":[{"@type":"SearchAction","target":{"@type":"EntryPoint","urlTemplate":"https:\/\/www.distillerieduffez.fr\/en\/?s={search_term_string}"},"query-input":{"@type":"PropertyValueSpecification","valueRequired":true,"valueName":"search_term_string"}}],"inLanguage":"de"},{"@type":"Organization","@id":"https:\/\/www.distillerieduffez.fr\/en\/#organization","name":"Distillerie Duffez","url":"https:\/\/www.distillerieduffez.fr\/en\/","logo":{"@type":"ImageObject","inLanguage":"de","@id":"https:\/\/www.distillerieduffez.fr\/en\/#\/schema\/logo\/image\/","url":"http:\/\/www.distillerieduffez.fr\/wp-content\/uploads\/logo-duffez.jpg","contentUrl":"http:\/\/www.distillerieduffez.fr\/wp-content\/uploads\/logo-duffez.jpg","width":746,"height":150,"caption":"Distillerie Duffez"},"image":{"@id":"https:\/\/www.distillerieduffez.fr\/en\/#\/schema\/logo\/image\/"}}]}},"_links":{"self":[{"href":"http:\/\/www.distillerieduffez.fr\/de\/wp-json\/wp\/v2\/product\/2489","targetHints":{"allow":["GET"]}}],"collection":[{"href":"http:\/\/www.distillerieduffez.fr\/de\/wp-json\/wp\/v2\/product"}],"about":[{"href":"http:\/\/www.distillerieduffez.fr\/de\/wp-json\/wp\/v2\/types\/product"}],"replies":[{"embeddable":true,"href":"http:\/\/www.distillerieduffez.fr\/de\/wp-json\/wp\/v2\/comments?post=2489"}],"wp:featuredmedia":[{"embeddable":true,"href":"http:\/\/www.distillerieduffez.fr\/de\/wp-json\/wp\/v2\/media\/1292"}],"wp:attachment":[{"href":"http:\/\/www.distillerieduffez.fr\/de\/wp-json\/wp\/v2\/media?parent=2489"}],"wp:term":[{"taxonomy":"product_brand","embeddable":true,"href":"http:\/\/www.distillerieduffez.fr\/de\/wp-json\/wp\/v2\/product_brand?post=2489"},{"taxonomy":"product_cat","embeddable":true,"href":"http:\/\/www.distillerieduffez.fr\/de\/wp-json\/wp\/v2\/product_cat?post=2489"},{"taxonomy":"product_tag","embeddable":true,"href":"http:\/\/www.distillerieduffez.fr\/de\/wp-json\/wp\/v2\/product_tag?post=2489"}],"curies":[{"name":"wp","href":"https:\/\/api.w.org\/{rel}","templated":true}]}}