{"id":2483,"date":"2018-06-08T00:00:00","date_gmt":"2018-06-07T22:00:00","guid":{"rendered":"http:\/\/www.distillerieduffez.fr\/product\/ao-strohblume"},"modified":"2018-06-08T00:00:00","modified_gmt":"2018-06-07T22:00:00","slug":"ao-strohblume","status":"publish","type":"product","link":"http:\/\/www.distillerieduffez.fr\/de\/produkt\/ao-strohblume","title":{"rendered":"\u00c4therisches \u00d6l Strohblume"},"content":{"rendered":"<p>Das \u00e4therische \u00d6l der Strohblume wird aus einer Variante gewonnen, die in Korsika ihre Heimat hat und ist erst seit 2015 in unserem Programm.<\/p>\n<p>Zwei Jahre hat das Team Duffez gebraucht, um sie den B\u00f6den der Dr\u00f4me Proven\u00e7ale anzupassen.<\/p>\n<p>Unsere erste Destillation im letzten Jahr hat ein ganz besonderes \u00e4therisches \u00d6l hervorgebracht, das von Aromatherapeuten sehr gesucht ist.<\/p>\n<p>Man nennt diese Pflanze auch Unsterbliche, weil die Bl\u00e4tter der Blume auch nach dem Pfl\u00fccken nicht verwelken.<\/p>\n<p>Die gelbe Farbe der Strohblumen gibt im Fr\u00fchjahr den Feldern in der Provence einen ganz eigenen Charakter.<\/p>\n","protected":false},"excerpt":{"rendered":"<p>Das \u00e4therische \u00d6l der Strohblume wird aus einer Variante gewonnen, die in Korsika ihre Heimat hat und ist erst seit 2015 in unserem Programm. Zwei Jahre hat das Team Duffez gebraucht, um sie den B\u00f6den der Dr\u00f4me Proven\u00e7ale anzupassen. Unsere erste Destillation im letzten Jahr hat ein ganz besonderes \u00e4therisches \u00d6l hervorgebracht, das von Aromatherapeuten [&hellip;]<\/p>\n","protected":false},"featured_media":1194,"comment_status":"closed","ping_status":"closed","template":"","meta":{"_acf_changed":false,"_monsterinsights_skip_tracking":false,"_monsterinsights_sitenote_active":false,"_monsterinsights_sitenote_note":"","_monsterinsights_sitenote_category":0},"product_brand":[],"product_cat":[403],"product_tag":[387],"class_list":{"0":"post-2483","1":"product","2":"type-product","3":"status-publish","4":"has-post-thumbnail","6":"product_cat-atherische-ole","7":"product_tag-strohblume","9":"first","10":"instock","11":"taxable","12":"shipping-taxable","13":"purchasable","14":"product-type-variable"},"acf":[],"aioseo_notices":[],"yoast_head":"<!-- This site is optimized with the Yoast SEO plugin v27.3 - https:\/\/yoast.com\/product\/yoast-seo-wordpress\/ -->\n<title>\u00c4therisches \u00d6l Strohblume - Distillerie Duffez<\/title>\n<meta name=\"robots\" content=\"index, follow, max-snippet:-1, max-image-preview:large, max-video-preview:-1\" \/>\n<link rel=\"canonical\" href=\"http:\/\/www.distillerieduffez.fr\/de\/produkt\/ao-strohblume\" \/>\n<meta property=\"og:locale\" content=\"de_DE\" \/>\n<meta property=\"og:type\" content=\"article\" \/>\n<meta property=\"og:title\" content=\"\u00c4therisches \u00d6l Strohblume - Distillerie Duffez\" \/>\n<meta property=\"og:description\" content=\"Das \u00e4therische \u00d6l der Strohblume wird aus einer Variante gewonnen, die in Korsika ihre Heimat hat und ist erst seit 2015 in unserem Programm. Zwei Jahre hat das Team Duffez gebraucht, um sie den B\u00f6den der Dr\u00f4me Proven\u00e7ale anzupassen. Unsere erste Destillation im letzten Jahr hat ein ganz besonderes \u00e4therisches \u00d6l hervorgebracht, das von Aromatherapeuten [&hellip;]\" \/>\n<meta property=\"og:url\" content=\"http:\/\/www.distillerieduffez.fr\/de\/produkt\/ao-strohblume\" \/>\n<meta property=\"og:site_name\" content=\"Distillerie Duffez\" \/>\n<meta property=\"og:image\" content=\"http:\/\/www.distillerieduffez.fr\/wp-content\/uploads\/ann-5435.jpg\" \/>\n\t<meta property=\"og:image:width\" content=\"4056\" \/>\n\t<meta property=\"og:image:height\" content=\"2902\" \/>\n\t<meta property=\"og:image:type\" content=\"image\/jpeg\" \/>\n<meta name=\"twitter:card\" content=\"summary_large_image\" \/>\n<script type=\"application\/ld+json\" class=\"yoast-schema-graph\">{\"@context\":\"https:\\\/\\\/schema.org\",\"@graph\":[{\"@type\":\"WebPage\",\"@id\":\"http:\\\/\\\/www.distillerieduffez.fr\\\/de\\\/produkt\\\/ao-strohblume\",\"url\":\"http:\\\/\\\/www.distillerieduffez.fr\\\/de\\\/produkt\\\/ao-strohblume\",\"name\":\"\u00c4therisches \u00d6l Strohblume - Distillerie Duffez\",\"isPartOf\":{\"@id\":\"https:\\\/\\\/www.distillerieduffez.fr\\\/en\\\/#website\"},\"primaryImageOfPage\":{\"@id\":\"http:\\\/\\\/www.distillerieduffez.fr\\\/de\\\/produkt\\\/ao-strohblume#primaryimage\"},\"image\":{\"@id\":\"http:\\\/\\\/www.distillerieduffez.fr\\\/de\\\/produkt\\\/ao-strohblume#primaryimage\"},\"thumbnailUrl\":\"http:\\\/\\\/www.distillerieduffez.fr\\\/wp-content\\\/uploads\\\/ann-5435.jpg\",\"datePublished\":\"2018-06-07T22:00:00+00:00\",\"breadcrumb\":{\"@id\":\"http:\\\/\\\/www.distillerieduffez.fr\\\/de\\\/produkt\\\/ao-strohblume#breadcrumb\"},\"inLanguage\":\"de\",\"potentialAction\":[{\"@type\":\"ReadAction\",\"target\":[\"http:\\\/\\\/www.distillerieduffez.fr\\\/de\\\/produkt\\\/ao-strohblume\"]}]},{\"@type\":\"ImageObject\",\"inLanguage\":\"de\",\"@id\":\"http:\\\/\\\/www.distillerieduffez.fr\\\/de\\\/produkt\\\/ao-strohblume#primaryimage\",\"url\":\"http:\\\/\\\/www.distillerieduffez.fr\\\/wp-content\\\/uploads\\\/ann-5435.jpg\",\"contentUrl\":\"http:\\\/\\\/www.distillerieduffez.fr\\\/wp-content\\\/uploads\\\/ann-5435.jpg\",\"width\":4056,\"height\":2902,\"caption\":\"H\u00e9lichryse\"},{\"@type\":\"BreadcrumbList\",\"@id\":\"http:\\\/\\\/www.distillerieduffez.fr\\\/de\\\/produkt\\\/ao-strohblume#breadcrumb\",\"itemListElement\":[{\"@type\":\"ListItem\",\"position\":1,\"name\":\"Home\",\"item\":\"https:\\\/\\\/www.distillerieduffez.fr\\\/de\"},{\"@type\":\"ListItem\",\"position\":2,\"name\":\"Shop\",\"item\":\"https:\\\/\\\/www.distillerieduffez.fr\\\/de\\\/geschaeft\"},{\"@type\":\"ListItem\",\"position\":3,\"name\":\"\u00c4therisches \u00d6l Strohblume\"}]},{\"@type\":\"WebSite\",\"@id\":\"https:\\\/\\\/www.distillerieduffez.fr\\\/en\\\/#website\",\"url\":\"https:\\\/\\\/www.distillerieduffez.fr\\\/en\\\/\",\"name\":\"Distillerie Duffez\",\"description\":\"Boutique en ligne d&#039;huiles essentielles biologiques et conventionnelles : lavande, lavandin, cade, h\u00e9lichryse, Cypr\u00e8s Provence, menthe, sauge...\",\"publisher\":{\"@id\":\"https:\\\/\\\/www.distillerieduffez.fr\\\/en\\\/#organization\"},\"potentialAction\":[{\"@type\":\"SearchAction\",\"target\":{\"@type\":\"EntryPoint\",\"urlTemplate\":\"https:\\\/\\\/www.distillerieduffez.fr\\\/en\\\/?s={search_term_string}\"},\"query-input\":{\"@type\":\"PropertyValueSpecification\",\"valueRequired\":true,\"valueName\":\"search_term_string\"}}],\"inLanguage\":\"de\"},{\"@type\":\"Organization\",\"@id\":\"https:\\\/\\\/www.distillerieduffez.fr\\\/en\\\/#organization\",\"name\":\"Distillerie Duffez\",\"url\":\"https:\\\/\\\/www.distillerieduffez.fr\\\/en\\\/\",\"logo\":{\"@type\":\"ImageObject\",\"inLanguage\":\"de\",\"@id\":\"https:\\\/\\\/www.distillerieduffez.fr\\\/en\\\/#\\\/schema\\\/logo\\\/image\\\/\",\"url\":\"http:\\\/\\\/www.distillerieduffez.fr\\\/wp-content\\\/uploads\\\/logo-duffez.jpg\",\"contentUrl\":\"http:\\\/\\\/www.distillerieduffez.fr\\\/wp-content\\\/uploads\\\/logo-duffez.jpg\",\"width\":746,\"height\":150,\"caption\":\"Distillerie Duffez\"},\"image\":{\"@id\":\"https:\\\/\\\/www.distillerieduffez.fr\\\/en\\\/#\\\/schema\\\/logo\\\/image\\\/\"}}]}<\/script>\n<!-- \/ Yoast SEO plugin. -->","yoast_head_json":{"title":"\u00c4therisches \u00d6l Strohblume - Distillerie Duffez","robots":{"index":"index","follow":"follow","max-snippet":"max-snippet:-1","max-image-preview":"max-image-preview:large","max-video-preview":"max-video-preview:-1"},"canonical":"http:\/\/www.distillerieduffez.fr\/de\/produkt\/ao-strohblume","og_locale":"de_DE","og_type":"article","og_title":"\u00c4therisches \u00d6l Strohblume - Distillerie Duffez","og_description":"Das \u00e4therische \u00d6l der Strohblume wird aus einer Variante gewonnen, die in Korsika ihre Heimat hat und ist erst seit 2015 in unserem Programm. Zwei Jahre hat das Team Duffez gebraucht, um sie den B\u00f6den der Dr\u00f4me Proven\u00e7ale anzupassen. Unsere erste Destillation im letzten Jahr hat ein ganz besonderes \u00e4therisches \u00d6l hervorgebracht, das von Aromatherapeuten [&hellip;]","og_url":"http:\/\/www.distillerieduffez.fr\/de\/produkt\/ao-strohblume","og_site_name":"Distillerie Duffez","og_image":[{"width":4056,"height":2902,"url":"http:\/\/www.distillerieduffez.fr\/wp-content\/uploads\/ann-5435.jpg","type":"image\/jpeg"}],"twitter_card":"summary_large_image","schema":{"@context":"https:\/\/schema.org","@graph":[{"@type":"WebPage","@id":"http:\/\/www.distillerieduffez.fr\/de\/produkt\/ao-strohblume","url":"http:\/\/www.distillerieduffez.fr\/de\/produkt\/ao-strohblume","name":"\u00c4therisches \u00d6l Strohblume - Distillerie Duffez","isPartOf":{"@id":"https:\/\/www.distillerieduffez.fr\/en\/#website"},"primaryImageOfPage":{"@id":"http:\/\/www.distillerieduffez.fr\/de\/produkt\/ao-strohblume#primaryimage"},"image":{"@id":"http:\/\/www.distillerieduffez.fr\/de\/produkt\/ao-strohblume#primaryimage"},"thumbnailUrl":"http:\/\/www.distillerieduffez.fr\/wp-content\/uploads\/ann-5435.jpg","datePublished":"2018-06-07T22:00:00+00:00","breadcrumb":{"@id":"http:\/\/www.distillerieduffez.fr\/de\/produkt\/ao-strohblume#breadcrumb"},"inLanguage":"de","potentialAction":[{"@type":"ReadAction","target":["http:\/\/www.distillerieduffez.fr\/de\/produkt\/ao-strohblume"]}]},{"@type":"ImageObject","inLanguage":"de","@id":"http:\/\/www.distillerieduffez.fr\/de\/produkt\/ao-strohblume#primaryimage","url":"http:\/\/www.distillerieduffez.fr\/wp-content\/uploads\/ann-5435.jpg","contentUrl":"http:\/\/www.distillerieduffez.fr\/wp-content\/uploads\/ann-5435.jpg","width":4056,"height":2902,"caption":"H\u00e9lichryse"},{"@type":"BreadcrumbList","@id":"http:\/\/www.distillerieduffez.fr\/de\/produkt\/ao-strohblume#breadcrumb","itemListElement":[{"@type":"ListItem","position":1,"name":"Home","item":"https:\/\/www.distillerieduffez.fr\/de"},{"@type":"ListItem","position":2,"name":"Shop","item":"https:\/\/www.distillerieduffez.fr\/de\/geschaeft"},{"@type":"ListItem","position":3,"name":"\u00c4therisches \u00d6l Strohblume"}]},{"@type":"WebSite","@id":"https:\/\/www.distillerieduffez.fr\/en\/#website","url":"https:\/\/www.distillerieduffez.fr\/en\/","name":"Distillerie Duffez","description":"Boutique en ligne d&#039;huiles essentielles biologiques et conventionnelles : lavande, lavandin, cade, h\u00e9lichryse, Cypr\u00e8s Provence, menthe, sauge...","publisher":{"@id":"https:\/\/www.distillerieduffez.fr\/en\/#organization"},"potentialAction":[{"@type":"SearchAction","target":{"@type":"EntryPoint","urlTemplate":"https:\/\/www.distillerieduffez.fr\/en\/?s={search_term_string}"},"query-input":{"@type":"PropertyValueSpecification","valueRequired":true,"valueName":"search_term_string"}}],"inLanguage":"de"},{"@type":"Organization","@id":"https:\/\/www.distillerieduffez.fr\/en\/#organization","name":"Distillerie Duffez","url":"https:\/\/www.distillerieduffez.fr\/en\/","logo":{"@type":"ImageObject","inLanguage":"de","@id":"https:\/\/www.distillerieduffez.fr\/en\/#\/schema\/logo\/image\/","url":"http:\/\/www.distillerieduffez.fr\/wp-content\/uploads\/logo-duffez.jpg","contentUrl":"http:\/\/www.distillerieduffez.fr\/wp-content\/uploads\/logo-duffez.jpg","width":746,"height":150,"caption":"Distillerie Duffez"},"image":{"@id":"https:\/\/www.distillerieduffez.fr\/en\/#\/schema\/logo\/image\/"}}]}},"_links":{"self":[{"href":"http:\/\/www.distillerieduffez.fr\/de\/wp-json\/wp\/v2\/product\/2483","targetHints":{"allow":["GET"]}}],"collection":[{"href":"http:\/\/www.distillerieduffez.fr\/de\/wp-json\/wp\/v2\/product"}],"about":[{"href":"http:\/\/www.distillerieduffez.fr\/de\/wp-json\/wp\/v2\/types\/product"}],"replies":[{"embeddable":true,"href":"http:\/\/www.distillerieduffez.fr\/de\/wp-json\/wp\/v2\/comments?post=2483"}],"wp:featuredmedia":[{"embeddable":true,"href":"http:\/\/www.distillerieduffez.fr\/de\/wp-json\/wp\/v2\/media\/1194"}],"wp:attachment":[{"href":"http:\/\/www.distillerieduffez.fr\/de\/wp-json\/wp\/v2\/media?parent=2483"}],"wp:term":[{"taxonomy":"product_brand","embeddable":true,"href":"http:\/\/www.distillerieduffez.fr\/de\/wp-json\/wp\/v2\/product_brand?post=2483"},{"taxonomy":"product_cat","embeddable":true,"href":"http:\/\/www.distillerieduffez.fr\/de\/wp-json\/wp\/v2\/product_cat?post=2483"},{"taxonomy":"product_tag","embeddable":true,"href":"http:\/\/www.distillerieduffez.fr\/de\/wp-json\/wp\/v2\/product_tag?post=2483"}],"curies":[{"name":"wp","href":"https:\/\/api.w.org\/{rel}","templated":true}]}}